{"id":1116,"date":"2014-02-07T14:25:51","date_gmt":"2014-02-07T13:25:51","guid":{"rendered":"http:\/\/clinica-lavision.com\/?page_id=1116"},"modified":"2024-10-21T15:25:57","modified_gmt":"2024-10-21T13:25:57","slug":"family-helps-family","status":"publish","type":"page","link":"http:\/\/clinica-lavision.com\/de\/projects\/family-helps-family\/","title":{"rendered":"Familie f\u00fcr Familie (Fort Dauphin)"},"content":{"rendered":"<p><a href=\"http:\/\/clinica-lavision.com\/wordpress\/wp-content\/uploads\/2014\/02\/Famille-BAOSAMBA-Meltine.jpg\" rel=\"lightbox[1116]\"><img decoding=\"async\" loading=\"lazy\" class=\"alignnone size-medium wp-image-1126\" src=\"http:\/\/clinica-lavision.com\/wordpress\/wp-content\/uploads\/2014\/02\/Famille-BAOSAMBA-Meltine-300x225.jpg\" alt=\"Familie BAOSAMBA Meltine\" width=\"300\" height=\"225\" srcset=\"http:\/\/clinica-lavision.com\/wordpress\/wp-content\/uploads\/2014\/02\/Famille-BAOSAMBA-Meltine-300x225.jpg 300w, http:\/\/clinica-lavision.com\/wordpress\/wp-content\/uploads\/2014\/02\/Famille-BAOSAMBA-Meltine-1024x768.jpg 1024w, http:\/\/clinica-lavision.com\/wordpress\/wp-content\/uploads\/2014\/02\/Famille-BAOSAMBA-Meltine.jpg 2048w\" sizes=\"(max-width: 300px) 100vw, 300px\" \/><\/a><\/p>\n<p>In Madagaskar leben viele Menschen am Existenzminimum. Oftmals reicht das monatliche Einkommen kaum um die Grundbed\u00fcrfnisse einer Familie abzudecken. Noch schlimmer wird es wenn das Einkommen durch Schicksalsschl\u00e4ge ausf\u00e4llt.<\/p>\n<p>Wir versuchen solchen Familien, die aufgrund von Krankheit oder Verlust eines geliebten Menschen kein Einkommen mehr haben zu helfen.<\/p>\n<p>Aktuell bekommen 20 Familien regelm\u00e4ssige\u00a0 Nahrungspackete (Reis, Seife, Gem\u00fcse, Bohnen usw.). Desweiteren erhalten Sie Unterst\u00fctzung f\u00fcr Schulgeb\u00fchren und Material sowie Kleidung und kostenlose medizinische Versorgung.<\/p>\n<p>Helft uns anderen zu helfen!<\/p>\n<p><strong><a href=\"http:\/\/clinica-lavision.com\/de\/category\/projects\/family-helps-family\/\">Aktuelle Beitr\u00e4ge zu diesem Thema&#8230;<\/a><\/strong><\/p>","protected":false},"excerpt":{"rendered":"<p>In Madagaskar leben viele Menschen am Existenzminimum. Oftmals reicht das monatliche Einkommen kaum um die Grundbed\u00fcrfnisse einer Familie abzudecken. Noch schlimmer wird es wenn das Einkommen durch Schicksalsschl\u00e4ge ausf\u00e4llt. Wir versuchen solchen Familien, die aufgrund von Krankheit oder Verlust eines geliebten Menschen kein Einkommen mehr haben zu helfen. Aktuell bekommen 20 Familien regelm\u00e4ssige\u00a0 Nahrungspackete (Reis, &hellip; <a href=\"http:\/\/clinica-lavision.com\/de\/projects\/family-helps-family\/\" class=\"more-link\"><span class=\"screen-reader-text\">Familie f\u00fcr Familie (Fort Dauphin)<\/span> weiterlesen <span class=\"meta-nav\">&rarr;<\/span><\/a><\/p>\n","protected":false},"author":3,"featured_media":0,"parent":42,"menu_order":10,"comment_status":"open","ping_status":"closed","template":"","meta":[],"_links":{"self":[{"href":"http:\/\/clinica-lavision.com\/de\/wp-json\/wp\/v2\/pages\/1116"}],"collection":[{"href":"http:\/\/clinica-lavision.com\/de\/wp-json\/wp\/v2\/pages"}],"about":[{"href":"http:\/\/clinica-lavision.com\/de\/wp-json\/wp\/v2\/types\/page"}],"author":[{"embeddable":true,"href":"http:\/\/clinica-lavision.com\/de\/wp-json\/wp\/v2\/users\/3"}],"replies":[{"embeddable":true,"href":"http:\/\/clinica-lavision.com\/de\/wp-json\/wp\/v2\/comments?post=1116"}],"version-history":[{"count":15,"href":"http:\/\/clinica-lavision.com\/de\/wp-json\/wp\/v2\/pages\/1116\/revisions"}],"predecessor-version":[{"id":3830,"href":"http:\/\/clinica-lavision.com\/de\/wp-json\/wp\/v2\/pages\/1116\/revisions\/3830"}],"up":[{"embeddable":true,"href":"http:\/\/clinica-lavision.com\/de\/wp-json\/wp\/v2\/pages\/42"}],"wp:attachment":[{"href":"http:\/\/clinica-lavision.com\/de\/wp-json\/wp\/v2\/media?parent=1116"}],"curies":[{"name":"wp","href":"https:\/\/api.w.org\/{rel}","templated":true}]}}