{"id":124,"date":"2013-09-25T13:04:30","date_gmt":"2013-09-25T11:04:30","guid":{"rendered":"http:\/\/clinica-lavision.com\/?page_id=124"},"modified":"2024-09-27T12:15:41","modified_gmt":"2024-09-27T10:15:41","slug":"about-us","status":"publish","type":"page","link":"http:\/\/clinica-lavision.com\/de\/about-us\/","title":{"rendered":"\u00dcber uns"},"content":{"rendered":"<p><strong>&#8222;Armut ist ein \u00dcbel, das nur gemeinsam bek\u00e4mpft werden kann&#8220;<\/strong><br \/>\nIch wurde in Madagaskar geboren; in einem wundersch\u00f6nen Land das von Armut gepr\u00e4gt wird. Ich bin in dieser Armut aufgewachsen und hatte das Gl\u00fcck auf ein besseres Leben. Dies m\u00f6chte ich nun auch anderen Menschen in meinem Heimatland erm\u00f6glichen.<\/p>\n<p style=\"text-align: right;\">Rufine Zimmermann<\/p>\n<p><strong><br \/>\nJessica Zimmermann &#8211; Aus meiner Sicht und meine Erfahrungen:<\/strong><br \/>\nDurch meine Mama und unsere j\u00e4hrlichen Familienbesuche in Madagaskar habe ich viele Madagassen kennen gelernt die mir einen Einblick in Ihr t\u00e4gliches Leben gew\u00e4hrt haben. Ich habe schon in sehr fr\u00fchen Jahren festgestellt dass das Leben leider nicht \u00fcberall auf der Welt so sorglos ist wir bei mir zuhause in Europa. Ich habe aber auch fest gestellt, dass die Madagassen trotz der herrschenden Armut viel Lebensmut besitzen und die Hoffnung auf ein besseres Leben nicht verlieren. Um solche Menschen darin zu unterst\u00fctzen habe ich gemeinsam mit meiner Familie vor vielen Jahren damit angefangen den Leuten zu helfen. Wir setzten uns mit dem Waisenhaus in Fort Dauphin in Verbindung um heraus zu finden wie eine solche Hilfe aussehen k\u00f6nnte. Auf privater Ebene haben wir fortan f\u00fcr eine bessere Versorgung mit Essen und medizinische Betreuung gesorgt. Durch diese Zusammenarbeit lernten wir die \u00f6rtlichen Nonnen kennen die uns weitere Hilfsm\u00f6glichkeiten zeigten, bei denen wir Sie unterst\u00fctzt haben. So entstanden \u00fcber die Jahre immer mehr verschiedene Projekte.<\/p>\n<p>Das bedeutete aber auch dass wir mehr Menschen brauchten die uns unterst\u00fctzen. Um mehr Menschen zu erreichen gr\u00fcndeten wir unsere Hilfsorganisation \u201cLa Vision\u201d. Wir finanzieren unsere Projekte durch Spendenveranstaltungen, M\u00e4rkte, usw. Diese Veranstaltungen werden von unseren Volunteers in deren Freizeit ausgef\u00fchrt. 100% der Einnahmen fliesst somit in unsere Hilfprojekte. Ohne die Unterst\u00fctzung unserer Volunteers und Spender w\u00e4re all dies nicht m\u00f6glich.<\/p>\n<p>Meine Familie und ich Danken Euch Allen vom ganzen Herzen. Wir hoffen dass wir auch in Zukunft mit Euch gemeinsam den Menschen in Madagaskar weiterhin helfen k\u00f6nnen.<\/p>\n<p>&nbsp;<\/p>","protected":false},"excerpt":{"rendered":"<p>&#8222;Armut ist ein \u00dcbel, das nur gemeinsam bek\u00e4mpft werden kann&#8220; Ich wurde in Madagaskar geboren; in einem wundersch\u00f6nen Land das von Armut gepr\u00e4gt wird. Ich bin in dieser Armut aufgewachsen und hatte das Gl\u00fcck auf ein besseres Leben. Dies m\u00f6chte ich nun auch anderen Menschen in meinem Heimatland erm\u00f6glichen. Rufine Zimmermann Jessica Zimmermann &#8211; Aus &hellip; <a href=\"http:\/\/clinica-lavision.com\/de\/about-us\/\" class=\"more-link\"><span class=\"screen-reader-text\">\u00dcber uns<\/span> weiterlesen <span class=\"meta-nav\">&rarr;<\/span><\/a><\/p>\n","protected":false},"author":3,"featured_media":0,"parent":0,"menu_order":0,"comment_status":"open","ping_status":"closed","template":"","meta":[],"_links":{"self":[{"href":"http:\/\/clinica-lavision.com\/de\/wp-json\/wp\/v2\/pages\/124"}],"collection":[{"href":"http:\/\/clinica-lavision.com\/de\/wp-json\/wp\/v2\/pages"}],"about":[{"href":"http:\/\/clinica-lavision.com\/de\/wp-json\/wp\/v2\/types\/page"}],"author":[{"embeddable":true,"href":"http:\/\/clinica-lavision.com\/de\/wp-json\/wp\/v2\/users\/3"}],"replies":[{"embeddable":true,"href":"http:\/\/clinica-lavision.com\/de\/wp-json\/wp\/v2\/comments?post=124"}],"version-history":[{"count":23,"href":"http:\/\/clinica-lavision.com\/de\/wp-json\/wp\/v2\/pages\/124\/revisions"}],"predecessor-version":[{"id":3590,"href":"http:\/\/clinica-lavision.com\/de\/wp-json\/wp\/v2\/pages\/124\/revisions\/3590"}],"wp:attachment":[{"href":"http:\/\/clinica-lavision.com\/de\/wp-json\/wp\/v2\/media?parent=124"}],"curies":[{"name":"wp","href":"https:\/\/api.w.org\/{rel}","templated":true}]}}