{"id":133,"date":"2013-09-25T22:00:19","date_gmt":"2013-09-25T20:00:19","guid":{"rendered":"http:\/\/clinica-lavision.com\/?page_id=133"},"modified":"2024-09-27T12:20:08","modified_gmt":"2024-09-27T10:20:08","slug":"madagascar","status":"publish","type":"page","link":"http:\/\/clinica-lavision.com\/de\/madagascar\/","title":{"rendered":"Madagaskar"},"content":{"rendered":"<p>Madagaskar hat ca. 30 millionen Einwohner und ist mit einer Gr\u00f6sse von 592.796 km2 eine der gr\u00f6ssten Inseln der Welt. Die Insel befindet sich im Indischen Ozean, an der Ostk\u00fcste von Mozambik.<\/p>\n<p>Madagaskar ist bekannt f\u00fcr ihre einmalige Flora und Fauna, denn viele hier lebende Pflanzen- sowie Tierspezien sind einmalig auf der Erde. Doch leider ist diese so einzigartige Natur bedroht. Durch den Bev\u00f6lkerungswachstum und die damit verbundene Besiedelung\u00a0 werden immer mehr Tierarten von der Insel vertrieben.<\/p>\n<p><a href=\"http:\/\/clinica-lavision.com\/wordpress\/wp-content\/uploads\/2013\/09\/Madagaskar-5.jpg\" rel=\"lightbox[133]\"><img decoding=\"async\" loading=\"lazy\" class=\"alignnone size-medium wp-image-502\" src=\"http:\/\/clinica-lavision.com\/wordpress\/wp-content\/uploads\/2013\/09\/Madagaskar-5-300x225.jpg\" alt=\"Madagaskar (5)\" width=\"300\" height=\"225\" srcset=\"http:\/\/clinica-lavision.com\/wordpress\/wp-content\/uploads\/2013\/09\/Madagaskar-5-300x225.jpg 300w, http:\/\/clinica-lavision.com\/wordpress\/wp-content\/uploads\/2013\/09\/Madagaskar-5-1024x768.jpg 1024w, http:\/\/clinica-lavision.com\/wordpress\/wp-content\/uploads\/2013\/09\/Madagaskar-5.jpg 2000w\" sizes=\"(max-width: 300px) 100vw, 300px\" \/><\/a> <a href=\"http:\/\/clinica-lavision.com\/wordpress\/wp-content\/uploads\/2013\/09\/Madagaskar-6.jpg\" rel=\"lightbox[133]\"><img decoding=\"async\" loading=\"lazy\" class=\"alignnone size-medium wp-image-503\" src=\"http:\/\/clinica-lavision.com\/wordpress\/wp-content\/uploads\/2013\/09\/Madagaskar-6-300x225.jpg\" alt=\"Madagaskar (6)\" width=\"300\" height=\"225\" srcset=\"http:\/\/clinica-lavision.com\/wordpress\/wp-content\/uploads\/2013\/09\/Madagaskar-6-300x225.jpg 300w, http:\/\/clinica-lavision.com\/wordpress\/wp-content\/uploads\/2013\/09\/Madagaskar-6-1024x768.jpg 1024w, http:\/\/clinica-lavision.com\/wordpress\/wp-content\/uploads\/2013\/09\/Madagaskar-6.jpg 2000w\" sizes=\"(max-width: 300px) 100vw, 300px\" \/><\/a> <a href=\"http:\/\/clinica-lavision.com\/wordpress\/wp-content\/uploads\/2013\/09\/Madagaskar-7.jpg\" rel=\"lightbox[133]\"><img decoding=\"async\" loading=\"lazy\" class=\"alignnone size-medium wp-image-504\" src=\"http:\/\/clinica-lavision.com\/wordpress\/wp-content\/uploads\/2013\/09\/Madagaskar-7-300x225.jpg\" alt=\"Madagaskar (7)\" width=\"300\" height=\"225\" srcset=\"http:\/\/clinica-lavision.com\/wordpress\/wp-content\/uploads\/2013\/09\/Madagaskar-7-300x225.jpg 300w, http:\/\/clinica-lavision.com\/wordpress\/wp-content\/uploads\/2013\/09\/Madagaskar-7-1024x768.jpg 1024w, http:\/\/clinica-lavision.com\/wordpress\/wp-content\/uploads\/2013\/09\/Madagaskar-7.jpg 2000w\" sizes=\"(max-width: 300px) 100vw, 300px\" \/><\/a> <a href=\"http:\/\/clinica-lavision.com\/wordpress\/wp-content\/uploads\/2013\/09\/Madagaskar-8.jpg\" rel=\"lightbox[133]\"><img decoding=\"async\" loading=\"lazy\" class=\"alignnone size-medium wp-image-505\" src=\"http:\/\/clinica-lavision.com\/wordpress\/wp-content\/uploads\/2013\/09\/Madagaskar-8-300x225.jpg\" alt=\"Madagaskar (8)\" width=\"300\" height=\"225\" srcset=\"http:\/\/clinica-lavision.com\/wordpress\/wp-content\/uploads\/2013\/09\/Madagaskar-8-300x225.jpg 300w, http:\/\/clinica-lavision.com\/wordpress\/wp-content\/uploads\/2013\/09\/Madagaskar-8-1024x768.jpg 1024w, http:\/\/clinica-lavision.com\/wordpress\/wp-content\/uploads\/2013\/09\/Madagaskar-8.jpg 2000w\" sizes=\"(max-width: 300px) 100vw, 300px\" \/><\/a> <a href=\"http:\/\/clinica-lavision.com\/wordpress\/wp-content\/uploads\/2013\/09\/Madagaskar-9.jpg\" rel=\"lightbox[133]\"><img decoding=\"async\" loading=\"lazy\" class=\"alignnone size-medium wp-image-506\" src=\"http:\/\/clinica-lavision.com\/wordpress\/wp-content\/uploads\/2013\/09\/Madagaskar-9-300x225.jpg\" alt=\"Madagaskar (9)\" width=\"300\" height=\"225\" srcset=\"http:\/\/clinica-lavision.com\/wordpress\/wp-content\/uploads\/2013\/09\/Madagaskar-9-300x225.jpg 300w, http:\/\/clinica-lavision.com\/wordpress\/wp-content\/uploads\/2013\/09\/Madagaskar-9-1024x768.jpg 1024w, http:\/\/clinica-lavision.com\/wordpress\/wp-content\/uploads\/2013\/09\/Madagaskar-9.jpg 2000w\" sizes=\"(max-width: 300px) 100vw, 300px\" \/><\/a> <a href=\"http:\/\/clinica-lavision.com\/wordpress\/wp-content\/uploads\/2013\/09\/Madagaskar-10.jpg\" rel=\"lightbox[133]\"><img decoding=\"async\" loading=\"lazy\" class=\"alignnone size-medium wp-image-507\" src=\"http:\/\/clinica-lavision.com\/wordpress\/wp-content\/uploads\/2013\/09\/Madagaskar-10-300x225.jpg\" alt=\"Madagaskar (10)\" width=\"300\" height=\"225\" srcset=\"http:\/\/clinica-lavision.com\/wordpress\/wp-content\/uploads\/2013\/09\/Madagaskar-10-300x225.jpg 300w, http:\/\/clinica-lavision.com\/wordpress\/wp-content\/uploads\/2013\/09\/Madagaskar-10-1024x768.jpg 1024w, http:\/\/clinica-lavision.com\/wordpress\/wp-content\/uploads\/2013\/09\/Madagaskar-10.jpg 2000w\" sizes=\"(max-width: 300px) 100vw, 300px\" \/><\/a> <a href=\"http:\/\/clinica-lavision.com\/wordpress\/wp-content\/uploads\/2013\/09\/Madagaskar-11.jpg\" rel=\"lightbox[133]\"><img decoding=\"async\" loading=\"lazy\" class=\"alignnone size-medium wp-image-508\" src=\"http:\/\/clinica-lavision.com\/wordpress\/wp-content\/uploads\/2013\/09\/Madagaskar-11-300x225.jpg\" alt=\"Madagaskar (11)\" width=\"300\" height=\"225\" srcset=\"http:\/\/clinica-lavision.com\/wordpress\/wp-content\/uploads\/2013\/09\/Madagaskar-11-300x225.jpg 300w, http:\/\/clinica-lavision.com\/wordpress\/wp-content\/uploads\/2013\/09\/Madagaskar-11-1024x768.jpg 1024w, http:\/\/clinica-lavision.com\/wordpress\/wp-content\/uploads\/2013\/09\/Madagaskar-11.jpg 2000w\" sizes=\"(max-width: 300px) 100vw, 300px\" \/><\/a> <a href=\"http:\/\/clinica-lavision.com\/wordpress\/wp-content\/uploads\/2013\/09\/Madagaskar-12.jpg\" rel=\"lightbox[133]\"><img decoding=\"async\" loading=\"lazy\" class=\"alignnone size-medium wp-image-509\" src=\"http:\/\/clinica-lavision.com\/wordpress\/wp-content\/uploads\/2013\/09\/Madagaskar-12-300x225.jpg\" alt=\"Madagaskar (12)\" width=\"300\" height=\"225\" srcset=\"http:\/\/clinica-lavision.com\/wordpress\/wp-content\/uploads\/2013\/09\/Madagaskar-12-300x225.jpg 300w, http:\/\/clinica-lavision.com\/wordpress\/wp-content\/uploads\/2013\/09\/Madagaskar-12-1024x768.jpg 1024w, http:\/\/clinica-lavision.com\/wordpress\/wp-content\/uploads\/2013\/09\/Madagaskar-12.jpg 2000w\" sizes=\"(max-width: 300px) 100vw, 300px\" \/><\/a> <a href=\"http:\/\/clinica-lavision.com\/wordpress\/wp-content\/uploads\/2013\/09\/Madagaskar-13.jpg\" rel=\"lightbox[133]\"><img decoding=\"async\" loading=\"lazy\" class=\"alignnone size-medium wp-image-510\" src=\"http:\/\/clinica-lavision.com\/wordpress\/wp-content\/uploads\/2013\/09\/Madagaskar-13-300x225.jpg\" alt=\"Madagaskar (13)\" width=\"300\" height=\"225\" srcset=\"http:\/\/clinica-lavision.com\/wordpress\/wp-content\/uploads\/2013\/09\/Madagaskar-13-300x225.jpg 300w, http:\/\/clinica-lavision.com\/wordpress\/wp-content\/uploads\/2013\/09\/Madagaskar-13-1024x768.jpg 1024w, http:\/\/clinica-lavision.com\/wordpress\/wp-content\/uploads\/2013\/09\/Madagaskar-13.jpg 2000w\" sizes=\"(max-width: 300px) 100vw, 300px\" \/><\/a> <a href=\"http:\/\/clinica-lavision.com\/wordpress\/wp-content\/uploads\/2013\/09\/Madagaskar-14.jpg\" rel=\"lightbox[133]\"><img decoding=\"async\" loading=\"lazy\" class=\"alignnone size-medium wp-image-511\" src=\"http:\/\/clinica-lavision.com\/wordpress\/wp-content\/uploads\/2013\/09\/Madagaskar-14-300x225.jpg\" alt=\"Madagaskar (14)\" width=\"300\" height=\"225\" srcset=\"http:\/\/clinica-lavision.com\/wordpress\/wp-content\/uploads\/2013\/09\/Madagaskar-14-300x225.jpg 300w, http:\/\/clinica-lavision.com\/wordpress\/wp-content\/uploads\/2013\/09\/Madagaskar-14-1024x768.jpg 1024w, http:\/\/clinica-lavision.com\/wordpress\/wp-content\/uploads\/2013\/09\/Madagaskar-14.jpg 2000w\" sizes=\"(max-width: 300px) 100vw, 300px\" \/><\/a> <a href=\"http:\/\/clinica-lavision.com\/wordpress\/wp-content\/uploads\/2013\/09\/Madagaskar-15.jpg\" rel=\"lightbox[133]\"><img decoding=\"async\" loading=\"lazy\" class=\"alignnone size-medium wp-image-512\" src=\"http:\/\/clinica-lavision.com\/wordpress\/wp-content\/uploads\/2013\/09\/Madagaskar-15-300x225.jpg\" alt=\"Madagaskar (15)\" width=\"300\" height=\"225\" srcset=\"http:\/\/clinica-lavision.com\/wordpress\/wp-content\/uploads\/2013\/09\/Madagaskar-15-300x225.jpg 300w, http:\/\/clinica-lavision.com\/wordpress\/wp-content\/uploads\/2013\/09\/Madagaskar-15-1024x768.jpg 1024w, http:\/\/clinica-lavision.com\/wordpress\/wp-content\/uploads\/2013\/09\/Madagaskar-15.jpg 2000w\" sizes=\"(max-width: 300px) 100vw, 300px\" \/><\/a> <a href=\"http:\/\/clinica-lavision.com\/wordpress\/wp-content\/uploads\/2013\/09\/Madagaskar-16.jpg\" rel=\"lightbox[133]\"><img decoding=\"async\" loading=\"lazy\" class=\"alignnone size-medium wp-image-513\" src=\"http:\/\/clinica-lavision.com\/wordpress\/wp-content\/uploads\/2013\/09\/Madagaskar-16-300x225.jpg\" alt=\"Madagaskar (16)\" width=\"300\" height=\"225\" srcset=\"http:\/\/clinica-lavision.com\/wordpress\/wp-content\/uploads\/2013\/09\/Madagaskar-16-300x225.jpg 300w, http:\/\/clinica-lavision.com\/wordpress\/wp-content\/uploads\/2013\/09\/Madagaskar-16-1024x768.jpg 1024w, http:\/\/clinica-lavision.com\/wordpress\/wp-content\/uploads\/2013\/09\/Madagaskar-16.jpg 2000w\" sizes=\"(max-width: 300px) 100vw, 300px\" \/><\/a><\/p>\n<p>U.a. durch immer wieder r\u00fcckkehrende staatliche Instabilit\u00e4t, Korruption, hohe Arbeitslosenquote und dem Klimawandel herrscht in vielen Regionen Armut. Viele Menschen haben keinen Zugang zu sauberem Trinkwasser, k\u00f6nnen sich kaum das Schulmaterial f\u00fcr die Kinder leisten, Arztbesuche, Medikamente usw. Die Preise f\u00fcr Grundnahrungsmittel sind in den letzen Jahren immens gestiegen; das durchschnittliche Monatseinkommen liegt jedoch immer noch bei ca. 40\u20ac.<\/p>\n<p><a href=\"http:\/\/clinica-lavision.com\/wordpress\/wp-content\/uploads\/2013\/09\/Madagaskar-3.jpg\" rel=\"lightbox[133]\"><img decoding=\"async\" loading=\"lazy\" class=\"alignnone size-medium wp-image-500\" src=\"http:\/\/clinica-lavision.com\/wordpress\/wp-content\/uploads\/2013\/09\/Madagaskar-3-300x225.jpg\" alt=\"Madagaskar (3)\" width=\"300\" height=\"225\" srcset=\"http:\/\/clinica-lavision.com\/wordpress\/wp-content\/uploads\/2013\/09\/Madagaskar-3-300x225.jpg 300w, http:\/\/clinica-lavision.com\/wordpress\/wp-content\/uploads\/2013\/09\/Madagaskar-3-1024x768.jpg 1024w, http:\/\/clinica-lavision.com\/wordpress\/wp-content\/uploads\/2013\/09\/Madagaskar-3.jpg 2000w\" sizes=\"(max-width: 300px) 100vw, 300px\" \/><\/a> <a href=\"http:\/\/clinica-lavision.com\/wordpress\/wp-content\/uploads\/2013\/09\/Madagaskar-4.jpg\" rel=\"lightbox[133]\"><img decoding=\"async\" loading=\"lazy\" class=\"alignnone size-medium wp-image-501\" src=\"http:\/\/clinica-lavision.com\/wordpress\/wp-content\/uploads\/2013\/09\/Madagaskar-4-300x225.jpg\" alt=\"Madagaskar (4)\" width=\"300\" height=\"225\" srcset=\"http:\/\/clinica-lavision.com\/wordpress\/wp-content\/uploads\/2013\/09\/Madagaskar-4-300x225.jpg 300w, http:\/\/clinica-lavision.com\/wordpress\/wp-content\/uploads\/2013\/09\/Madagaskar-4-1024x768.jpg 1024w, http:\/\/clinica-lavision.com\/wordpress\/wp-content\/uploads\/2013\/09\/Madagaskar-4.jpg 2000w\" sizes=\"(max-width: 300px) 100vw, 300px\" \/><\/a><\/p>\n<p><a href=\"http:\/\/clinica-lavision.com\/wordpress\/wp-content\/uploads\/2013\/09\/Madagaskar-24.jpg\" rel=\"lightbox[133]\"><img decoding=\"async\" loading=\"lazy\" class=\"alignnone size-medium wp-image-521\" src=\"http:\/\/clinica-lavision.com\/wordpress\/wp-content\/uploads\/2013\/09\/Madagaskar-24-300x225.jpg\" alt=\"Madagaskar (24)\" width=\"300\" height=\"225\" srcset=\"http:\/\/clinica-lavision.com\/wordpress\/wp-content\/uploads\/2013\/09\/Madagaskar-24-300x225.jpg 300w, http:\/\/clinica-lavision.com\/wordpress\/wp-content\/uploads\/2013\/09\/Madagaskar-24-1024x768.jpg 1024w, http:\/\/clinica-lavision.com\/wordpress\/wp-content\/uploads\/2013\/09\/Madagaskar-24.jpg 2000w\" sizes=\"(max-width: 300px) 100vw, 300px\" \/> <\/a><a href=\"http:\/\/clinica-lavision.com\/wordpress\/wp-content\/uploads\/2013\/09\/Madagaskar-25.jpg\" rel=\"lightbox[133]\"><img decoding=\"async\" loading=\"lazy\" class=\"alignnone size-medium wp-image-522\" src=\"http:\/\/clinica-lavision.com\/wordpress\/wp-content\/uploads\/2013\/09\/Madagaskar-25-300x225.jpg\" alt=\"Madagaskar (25)\" width=\"300\" height=\"225\" srcset=\"http:\/\/clinica-lavision.com\/wordpress\/wp-content\/uploads\/2013\/09\/Madagaskar-25-300x225.jpg 300w, http:\/\/clinica-lavision.com\/wordpress\/wp-content\/uploads\/2013\/09\/Madagaskar-25-1024x768.jpg 1024w, http:\/\/clinica-lavision.com\/wordpress\/wp-content\/uploads\/2013\/09\/Madagaskar-25.jpg 2000w\" sizes=\"(max-width: 300px) 100vw, 300px\" \/><\/a><a href=\"http:\/\/clinica-lavision.com\/wordpress\/wp-content\/uploads\/2013\/09\/Madagaskar-32.jpg\" rel=\"lightbox[133]\"><img decoding=\"async\" loading=\"lazy\" class=\"alignnone size-medium wp-image-529\" src=\"http:\/\/clinica-lavision.com\/wordpress\/wp-content\/uploads\/2013\/09\/Madagaskar-32-300x225.jpg\" alt=\"Madagaskar (32)\" width=\"300\" height=\"225\" srcset=\"http:\/\/clinica-lavision.com\/wordpress\/wp-content\/uploads\/2013\/09\/Madagaskar-32-300x225.jpg 300w, http:\/\/clinica-lavision.com\/wordpress\/wp-content\/uploads\/2013\/09\/Madagaskar-32-1024x768.jpg 1024w, http:\/\/clinica-lavision.com\/wordpress\/wp-content\/uploads\/2013\/09\/Madagaskar-32.jpg 2000w\" sizes=\"(max-width: 300px) 100vw, 300px\" \/><\/a> <a href=\"http:\/\/clinica-lavision.com\/wordpress\/wp-content\/uploads\/2013\/09\/Madagaskar-33.jpg\" rel=\"lightbox[133]\"><img decoding=\"async\" loading=\"lazy\" class=\"alignnone size-medium wp-image-530\" src=\"http:\/\/clinica-lavision.com\/wordpress\/wp-content\/uploads\/2013\/09\/Madagaskar-33-300x225.jpg\" alt=\"Madagaskar (33)\" width=\"300\" height=\"225\" srcset=\"http:\/\/clinica-lavision.com\/wordpress\/wp-content\/uploads\/2013\/09\/Madagaskar-33-300x225.jpg 300w, http:\/\/clinica-lavision.com\/wordpress\/wp-content\/uploads\/2013\/09\/Madagaskar-33-1024x768.jpg 1024w, http:\/\/clinica-lavision.com\/wordpress\/wp-content\/uploads\/2013\/09\/Madagaskar-33.jpg 2000w\" sizes=\"(max-width: 300px) 100vw, 300px\" \/><\/a><a href=\"http:\/\/clinica-lavision.com\/wordpress\/wp-content\/uploads\/2013\/09\/Madagaskar-31.jpg\" rel=\"lightbox[133]\"> <img decoding=\"async\" loading=\"lazy\" class=\"alignnone size-medium wp-image-528\" src=\"http:\/\/clinica-lavision.com\/wordpress\/wp-content\/uploads\/2013\/09\/Madagaskar-31-300x225.jpg\" alt=\"Madagaskar (31)\" width=\"300\" height=\"225\" srcset=\"http:\/\/clinica-lavision.com\/wordpress\/wp-content\/uploads\/2013\/09\/Madagaskar-31-300x225.jpg 300w, http:\/\/clinica-lavision.com\/wordpress\/wp-content\/uploads\/2013\/09\/Madagaskar-31-1024x768.jpg 1024w, http:\/\/clinica-lavision.com\/wordpress\/wp-content\/uploads\/2013\/09\/Madagaskar-31.jpg 2000w\" sizes=\"(max-width: 300px) 100vw, 300px\" \/> <\/a><a href=\"http:\/\/clinica-lavision.com\/wordpress\/wp-content\/uploads\/2013\/09\/Madagaskar-29.jpg\" rel=\"lightbox[133]\"><img decoding=\"async\" loading=\"lazy\" class=\"alignnone size-medium wp-image-526\" src=\"http:\/\/clinica-lavision.com\/wordpress\/wp-content\/uploads\/2013\/09\/Madagaskar-29-300x225.jpg\" alt=\"Madagaskar (29)\" width=\"300\" height=\"225\" srcset=\"http:\/\/clinica-lavision.com\/wordpress\/wp-content\/uploads\/2013\/09\/Madagaskar-29-300x225.jpg 300w, http:\/\/clinica-lavision.com\/wordpress\/wp-content\/uploads\/2013\/09\/Madagaskar-29-1024x768.jpg 1024w, http:\/\/clinica-lavision.com\/wordpress\/wp-content\/uploads\/2013\/09\/Madagaskar-29.jpg 2000w\" sizes=\"(max-width: 300px) 100vw, 300px\" \/><\/a> <a href=\"http:\/\/clinica-lavision.com\/wordpress\/wp-content\/uploads\/2013\/09\/Madagaskar-30.jpg\" rel=\"lightbox[133]\"><img decoding=\"async\" loading=\"lazy\" class=\"alignnone size-medium wp-image-527\" src=\"http:\/\/clinica-lavision.com\/wordpress\/wp-content\/uploads\/2013\/09\/Madagaskar-30-300x225.jpg\" alt=\"Madagaskar (30)\" width=\"300\" height=\"225\" srcset=\"http:\/\/clinica-lavision.com\/wordpress\/wp-content\/uploads\/2013\/09\/Madagaskar-30-300x225.jpg 300w, http:\/\/clinica-lavision.com\/wordpress\/wp-content\/uploads\/2013\/09\/Madagaskar-30-1024x768.jpg 1024w, http:\/\/clinica-lavision.com\/wordpress\/wp-content\/uploads\/2013\/09\/Madagaskar-30.jpg 2000w\" sizes=\"(max-width: 300px) 100vw, 300px\" \/><\/a> <a href=\"http:\/\/clinica-lavision.com\/wordpress\/wp-content\/uploads\/2013\/09\/Madagaskar-22.jpg\" rel=\"lightbox[133]\"><img decoding=\"async\" loading=\"lazy\" class=\"alignnone size-medium wp-image-519\" src=\"http:\/\/clinica-lavision.com\/wordpress\/wp-content\/uploads\/2013\/09\/Madagaskar-22-300x225.jpg\" alt=\"Madagaskar (22)\" width=\"300\" height=\"225\" srcset=\"http:\/\/clinica-lavision.com\/wordpress\/wp-content\/uploads\/2013\/09\/Madagaskar-22-300x225.jpg 300w, http:\/\/clinica-lavision.com\/wordpress\/wp-content\/uploads\/2013\/09\/Madagaskar-22-1024x768.jpg 1024w, http:\/\/clinica-lavision.com\/wordpress\/wp-content\/uploads\/2013\/09\/Madagaskar-22.jpg 2000w\" sizes=\"(max-width: 300px) 100vw, 300px\" \/><\/a><\/p>\n<p><a href=\"http:\/\/clinica-lavision.com\/wordpress\/wp-content\/uploads\/2013\/09\/Madagaskar-28.jpg\" rel=\"lightbox[133]\"><img decoding=\"async\" loading=\"lazy\" class=\"alignnone size-medium wp-image-525\" src=\"http:\/\/clinica-lavision.com\/wordpress\/wp-content\/uploads\/2013\/09\/Madagaskar-28-300x225.jpg\" alt=\"Madagaskar (28)\" width=\"300\" height=\"225\" srcset=\"http:\/\/clinica-lavision.com\/wordpress\/wp-content\/uploads\/2013\/09\/Madagaskar-28-300x225.jpg 300w, http:\/\/clinica-lavision.com\/wordpress\/wp-content\/uploads\/2013\/09\/Madagaskar-28-1024x768.jpg 1024w, http:\/\/clinica-lavision.com\/wordpress\/wp-content\/uploads\/2013\/09\/Madagaskar-28.jpg 2000w\" sizes=\"(max-width: 300px) 100vw, 300px\" \/><\/a> <a href=\"http:\/\/clinica-lavision.com\/wordpress\/wp-content\/uploads\/2013\/09\/Madagaskar-27.jpg\" rel=\"lightbox[133]\"><img decoding=\"async\" loading=\"lazy\" class=\"alignnone size-medium wp-image-524\" src=\"http:\/\/clinica-lavision.com\/wordpress\/wp-content\/uploads\/2013\/09\/Madagaskar-27-300x225.jpg\" alt=\"Madagaskar (27)\" width=\"300\" height=\"225\" srcset=\"http:\/\/clinica-lavision.com\/wordpress\/wp-content\/uploads\/2013\/09\/Madagaskar-27-300x225.jpg 300w, http:\/\/clinica-lavision.com\/wordpress\/wp-content\/uploads\/2013\/09\/Madagaskar-27-1024x768.jpg 1024w, http:\/\/clinica-lavision.com\/wordpress\/wp-content\/uploads\/2013\/09\/Madagaskar-27.jpg 2000w\" sizes=\"(max-width: 300px) 100vw, 300px\" \/><\/a> <a href=\"http:\/\/clinica-lavision.com\/wordpress\/wp-content\/uploads\/2013\/09\/Madagaskar-26.jpg\" rel=\"lightbox[133]\"><img decoding=\"async\" loading=\"lazy\" class=\"alignnone size-medium wp-image-523\" src=\"http:\/\/clinica-lavision.com\/wordpress\/wp-content\/uploads\/2013\/09\/Madagaskar-26-300x225.jpg\" alt=\"Madagaskar (26)\" width=\"300\" height=\"225\" srcset=\"http:\/\/clinica-lavision.com\/wordpress\/wp-content\/uploads\/2013\/09\/Madagaskar-26-300x225.jpg 300w, http:\/\/clinica-lavision.com\/wordpress\/wp-content\/uploads\/2013\/09\/Madagaskar-26-1024x768.jpg 1024w, http:\/\/clinica-lavision.com\/wordpress\/wp-content\/uploads\/2013\/09\/Madagaskar-26.jpg 2000w\" sizes=\"(max-width: 300px) 100vw, 300px\" \/><\/a> <a href=\"http:\/\/clinica-lavision.com\/wordpress\/wp-content\/uploads\/2013\/09\/Madagaskar-34.jpg\" rel=\"lightbox[133]\"> <img decoding=\"async\" loading=\"lazy\" class=\"alignnone size-medium wp-image-531\" src=\"http:\/\/clinica-lavision.com\/wordpress\/wp-content\/uploads\/2013\/09\/Madagaskar-34-300x225.jpg\" alt=\"Madagaskar (34)\" width=\"300\" height=\"225\" srcset=\"http:\/\/clinica-lavision.com\/wordpress\/wp-content\/uploads\/2013\/09\/Madagaskar-34-300x225.jpg 300w, http:\/\/clinica-lavision.com\/wordpress\/wp-content\/uploads\/2013\/09\/Madagaskar-34-1024x768.jpg 1024w, http:\/\/clinica-lavision.com\/wordpress\/wp-content\/uploads\/2013\/09\/Madagaskar-34.jpg 2000w\" sizes=\"(max-width: 300px) 100vw, 300px\" \/> <\/a><a href=\"http:\/\/clinica-lavision.com\/wordpress\/wp-content\/uploads\/2013\/09\/Madagaskar-21.jpg\" rel=\"lightbox[133]\"><img decoding=\"async\" loading=\"lazy\" class=\"alignnone size-medium wp-image-518\" src=\"http:\/\/clinica-lavision.com\/wordpress\/wp-content\/uploads\/2013\/09\/Madagaskar-21-300x225.jpg\" alt=\"Madagaskar (21)\" width=\"300\" height=\"225\" srcset=\"http:\/\/clinica-lavision.com\/wordpress\/wp-content\/uploads\/2013\/09\/Madagaskar-21-300x225.jpg 300w, http:\/\/clinica-lavision.com\/wordpress\/wp-content\/uploads\/2013\/09\/Madagaskar-21-1024x768.jpg 1024w, http:\/\/clinica-lavision.com\/wordpress\/wp-content\/uploads\/2013\/09\/Madagaskar-21.jpg 2000w\" sizes=\"(max-width: 300px) 100vw, 300px\" \/><\/a><a href=\"http:\/\/clinica-lavision.com\/wordpress\/wp-content\/uploads\/2013\/09\/Madagaskar-36.jpg\" rel=\"lightbox[133]\"><img decoding=\"async\" loading=\"lazy\" class=\"alignnone size-medium wp-image-533\" src=\"http:\/\/clinica-lavision.com\/wordpress\/wp-content\/uploads\/2013\/09\/Madagaskar-36-300x225.jpg\" alt=\"Madagaskar (36)\" width=\"300\" height=\"225\" srcset=\"http:\/\/clinica-lavision.com\/wordpress\/wp-content\/uploads\/2013\/09\/Madagaskar-36-300x225.jpg 300w, http:\/\/clinica-lavision.com\/wordpress\/wp-content\/uploads\/2013\/09\/Madagaskar-36-1024x768.jpg 1024w, http:\/\/clinica-lavision.com\/wordpress\/wp-content\/uploads\/2013\/09\/Madagaskar-36.jpg 2000w\" sizes=\"(max-width: 300px) 100vw, 300px\" \/><\/a><a href=\"http:\/\/clinica-lavision.com\/wordpress\/wp-content\/uploads\/2013\/09\/Madagaskar-23.jpg\" rel=\"lightbox[133]\"> <img decoding=\"async\" loading=\"lazy\" class=\"alignnone size-medium wp-image-520\" src=\"http:\/\/clinica-lavision.com\/wordpress\/wp-content\/uploads\/2013\/09\/Madagaskar-23-300x225.jpg\" alt=\"Madagaskar (23)\" width=\"300\" height=\"225\" srcset=\"http:\/\/clinica-lavision.com\/wordpress\/wp-content\/uploads\/2013\/09\/Madagaskar-23-300x225.jpg 300w, http:\/\/clinica-lavision.com\/wordpress\/wp-content\/uploads\/2013\/09\/Madagaskar-23-1024x768.jpg 1024w, http:\/\/clinica-lavision.com\/wordpress\/wp-content\/uploads\/2013\/09\/Madagaskar-23.jpg 2000w\" sizes=\"(max-width: 300px) 100vw, 300px\" \/><\/a> <a href=\"http:\/\/clinica-lavision.com\/wordpress\/wp-content\/uploads\/2013\/09\/Madagaskar-17.jpg\" rel=\"lightbox[133]\"> <img decoding=\"async\" loading=\"lazy\" class=\"alignnone size-medium wp-image-514\" src=\"http:\/\/clinica-lavision.com\/wordpress\/wp-content\/uploads\/2013\/09\/Madagaskar-17-300x225.jpg\" alt=\"Madagaskar (17)\" width=\"300\" height=\"225\" srcset=\"http:\/\/clinica-lavision.com\/wordpress\/wp-content\/uploads\/2013\/09\/Madagaskar-17-300x225.jpg 300w, http:\/\/clinica-lavision.com\/wordpress\/wp-content\/uploads\/2013\/09\/Madagaskar-17-1024x768.jpg 1024w, http:\/\/clinica-lavision.com\/wordpress\/wp-content\/uploads\/2013\/09\/Madagaskar-17.jpg 2000w\" sizes=\"(max-width: 300px) 100vw, 300px\" \/><\/a><a href=\"http:\/\/clinica-lavision.com\/wordpress\/wp-content\/uploads\/2013\/09\/Madagaskar-18.jpg\" rel=\"lightbox[133]\"> \u00a0<\/a><\/p>\n<p><img decoding=\"async\" src=\"http:\/\/clinica-lavision.com\/wordpress\/wp-content\/uploads\/2013\/09\/Madagaskar-19-300x225.jpg\" alt=\"Madagaskar (19)\" \/>\u00a0<a href=\"http:\/\/clinica-lavision.com\/wordpress\/wp-content\/uploads\/2013\/09\/Madagaskar-20.jpg\" rel=\"lightbox[133]\"><img decoding=\"async\" loading=\"lazy\" src=\"http:\/\/clinica-lavision.com\/wordpress\/wp-content\/uploads\/2013\/09\/Madagaskar-20-300x225.jpg\" alt=\"Madagaskar (20)\" width=\"300\" height=\"225\" \/><\/a><\/p>\n<p>&nbsp;<\/p>","protected":false},"excerpt":{"rendered":"<p>Madagaskar hat ca. 30 millionen Einwohner und ist mit einer Gr\u00f6sse von 592.796 km2 eine der gr\u00f6ssten Inseln der Welt. Die Insel befindet sich im Indischen Ozean, an der Ostk\u00fcste von Mozambik. Madagaskar ist bekannt f\u00fcr ihre einmalige Flora und Fauna, denn viele hier lebende Pflanzen- sowie Tierspezien sind einmalig auf der Erde. Doch leider &hellip; <a href=\"http:\/\/clinica-lavision.com\/de\/madagascar\/\" class=\"more-link\"><span class=\"screen-reader-text\">Madagaskar<\/span> weiterlesen <span class=\"meta-nav\">&rarr;<\/span><\/a><\/p>\n","protected":false},"author":2,"featured_media":488,"parent":0,"menu_order":0,"comment_status":"closed","ping_status":"closed","template":"","meta":[],"_links":{"self":[{"href":"http:\/\/clinica-lavision.com\/de\/wp-json\/wp\/v2\/pages\/133"}],"collection":[{"href":"http:\/\/clinica-lavision.com\/de\/wp-json\/wp\/v2\/pages"}],"about":[{"href":"http:\/\/clinica-lavision.com\/de\/wp-json\/wp\/v2\/types\/page"}],"author":[{"embeddable":true,"href":"http:\/\/clinica-lavision.com\/de\/wp-json\/wp\/v2\/users\/2"}],"replies":[{"embeddable":true,"href":"http:\/\/clinica-lavision.com\/de\/wp-json\/wp\/v2\/comments?post=133"}],"version-history":[{"count":42,"href":"http:\/\/clinica-lavision.com\/de\/wp-json\/wp\/v2\/pages\/133\/revisions"}],"predecessor-version":[{"id":3591,"href":"http:\/\/clinica-lavision.com\/de\/wp-json\/wp\/v2\/pages\/133\/revisions\/3591"}],"wp:featuredmedia":[{"embeddable":true,"href":"http:\/\/clinica-lavision.com\/de\/wp-json\/wp\/v2\/media\/488"}],"wp:attachment":[{"href":"http:\/\/clinica-lavision.com\/de\/wp-json\/wp\/v2\/media?parent=133"}],"curies":[{"name":"wp","href":"https:\/\/api.w.org\/{rel}","templated":true}]}}