{"id":42,"date":"2013-09-20T14:29:23","date_gmt":"2013-09-20T12:29:23","guid":{"rendered":"http:\/\/clinica-lavision.com\/?page_id=42"},"modified":"2022-01-29T17:19:11","modified_gmt":"2022-01-29T16:19:11","slug":"projects","status":"publish","type":"page","link":"http:\/\/clinica-lavision.com\/de\/projects\/","title":{"rendered":"Projekte"},"content":{"rendered":"<p><\/p>\n<h3><a href=\"http:\/\/clinica-lavision.com\/de\/projects\/help-for-families\/\">Hilfe f\u00fcr Familien<\/a><\/h3>\n<p><a href=\"http:\/\/clinica-lavision.com\/wordpress\/wp-content\/uploads\/2013\/09\/Familienhilfe.jpg\" rel=\"lightbox[42]\"><img decoding=\"async\" loading=\"lazy\" class=\"alignnone size-medium wp-image-225\" alt=\"Familienhilfe\" src=\"http:\/\/clinica-lavision.com\/wordpress\/wp-content\/uploads\/2013\/09\/Familienhilfe-300x220.jpg\" width=\"300\" height=\"220\" \/><\/a><\/p>\n<h3><a href=\"http:\/\/clinica-lavision.com\/de\/projects\/hospital-babies-and-maternity-station\/\" rel=\"nofollow\">W\u00f6chnerinnen<\/a><\/h3>\n<p><a href=\"http:\/\/clinica-lavision.com\/wordpress\/wp-content\/uploads\/2013\/09\/W\u00f6chnerinnen.jpg\" rel=\"lightbox[42]\"><img decoding=\"async\" loading=\"lazy\" alt=\"W\u00f6chnerinnen\" src=\"http:\/\/clinica-lavision.com\/wordpress\/wp-content\/uploads\/2013\/09\/W\u00f6chnerinnen-300x220.jpg\" width=\"300\" height=\"220\" \/><\/a><\/p>\n<h3><a href=\"http:\/\/clinica-lavision.com\/de\/projects\/orphaned-babies\/\">Findelkinder<\/a><\/h3>\n<p><a href=\"http:\/\/clinica-lavision.com\/wordpress\/wp-content\/uploads\/2013\/09\/Findelkinder.jpg\" rel=\"lightbox[42]\"><img decoding=\"async\" loading=\"lazy\" alt=\"Findelkinder\" src=\"http:\/\/clinica-lavision.com\/wordpress\/wp-content\/uploads\/2013\/09\/Findelkinder-300x220.jpg\" width=\"300\" height=\"220\" \/><\/a><\/p>\n<h3><a style=\"line-height: 1.3;\" href=\"http:\/\/clinica-lavision.com\/de\/projects\/public-catholic-school\/\" rel=\"nofollow\">\u00d6ffentliche Kath. Schule<\/a><\/h3>\n<p><a href=\"http:\/\/clinica-lavision.com\/wordpress\/wp-content\/uploads\/2013\/09\/Schule.jpg\" rel=\"lightbox[42]\"><img decoding=\"async\" loading=\"lazy\" alt=\"Schule\" src=\"http:\/\/clinica-lavision.com\/wordpress\/wp-content\/uploads\/2013\/09\/Schule-300x220.jpg\" width=\"300\" height=\"220\" \/><\/a><\/p>\n<h3><a href=\"http:\/\/clinica-lavision.com\/de\/projects\/support-for-women\/\">Frauenf\u00f6rderung<\/a><\/h3>\n<p><a href=\"http:\/\/clinica-lavision.com\/wordpress\/wp-content\/uploads\/2013\/09\/Frauenf\u00f6rderung.jpg\" rel=\"lightbox[42]\"><img decoding=\"async\" loading=\"lazy\" alt=\"Frauenf\u00f6rderung\" src=\"http:\/\/clinica-lavision.com\/wordpress\/wp-content\/uploads\/2013\/09\/Frauenf\u00f6rderung-300x220.jpg\" width=\"300\" height=\"220\" \/><\/a><\/p>\n<h3><a href=\"http:\/\/clinica-lavision.com\/de\/projects\/help-for-third-age\/\" rel=\"nofollow\">Altersbetreuung<\/a><\/h3>\n<p><a href=\"http:\/\/clinica-lavision.com\/wordpress\/wp-content\/uploads\/2013\/09\/Altersbetreuung.jpg\" rel=\"lightbox[42]\"><img decoding=\"async\" loading=\"lazy\" alt=\"Altersbetreuung\" src=\"http:\/\/clinica-lavision.com\/wordpress\/wp-content\/uploads\/2013\/09\/Altersbetreuung-300x220.jpg\" width=\"300\" height=\"220\" \/><\/a><\/p>\n<h3><a href=\"http:\/\/clinica-lavision.com\/de\/projects\/ophtalmology-clinic-la-vision\/\">Augenklinik La Vision<\/a><\/h3>\n<p><a href=\"http:\/\/clinica-lavision.com\/wordpress\/wp-content\/uploads\/2013\/09\/Augenklinik.jpg\" rel=\"lightbox[42]\"><img decoding=\"async\" loading=\"lazy\" alt=\"Augenklinik\" src=\"http:\/\/clinica-lavision.com\/wordpress\/wp-content\/uploads\/2013\/09\/Augenklinik-300x220.jpg\" width=\"300\" height=\"220\" \/><\/a><\/p>\n<h3><a href=\"http:\/\/clinica-lavision.com\/de\/projects\/family-helps-family\/\">Familie hilft Familie<\/a><\/h3>\n<p><a href=\"http:\/\/clinica-lavision.com\/wordpress\/wp-content\/uploads\/2014\/02\/Famille-BAOSAMBA-Meltine.jpg\" rel=\"lightbox[42]\"><img decoding=\"async\" loading=\"lazy\" alt=\"Familie hilft Familie\" src=\"http:\/\/clinica-lavision.com\/wordpress\/wp-content\/uploads\/2014\/02\/Famille-BAOSAMBA-Meltine-300x225.jpg\" width=\"300\" height=\"225\" \/><\/a><\/p>","protected":false},"excerpt":{"rendered":"<p>Hilfe f\u00fcr Familien W\u00f6chnerinnen Findelkinder \u00d6ffentliche Kath. Schule Frauenf\u00f6rderung Altersbetreuung Augenklinik La Vision Familie hilft Familie<\/p>\n","protected":false},"author":3,"featured_media":0,"parent":0,"menu_order":0,"comment_status":"closed","ping_status":"closed","template":"","meta":[],"_links":{"self":[{"href":"http:\/\/clinica-lavision.com\/de\/wp-json\/wp\/v2\/pages\/42"}],"collection":[{"href":"http:\/\/clinica-lavision.com\/de\/wp-json\/wp\/v2\/pages"}],"about":[{"href":"http:\/\/clinica-lavision.com\/de\/wp-json\/wp\/v2\/types\/page"}],"author":[{"embeddable":true,"href":"http:\/\/clinica-lavision.com\/de\/wp-json\/wp\/v2\/users\/3"}],"replies":[{"embeddable":true,"href":"http:\/\/clinica-lavision.com\/de\/wp-json\/wp\/v2\/comments?post=42"}],"version-history":[{"count":38,"href":"http:\/\/clinica-lavision.com\/de\/wp-json\/wp\/v2\/pages\/42\/revisions"}],"predecessor-version":[{"id":2600,"href":"http:\/\/clinica-lavision.com\/de\/wp-json\/wp\/v2\/pages\/42\/revisions\/2600"}],"wp:attachment":[{"href":"http:\/\/clinica-lavision.com\/de\/wp-json\/wp\/v2\/media?parent=42"}],"curies":[{"name":"wp","href":"https:\/\/api.w.org\/{rel}","templated":true}]}}