{"id":58,"date":"2013-09-20T14:48:54","date_gmt":"2013-09-20T12:48:54","guid":{"rendered":"http:\/\/clinica-lavision.com\/?page_id=58"},"modified":"2024-10-24T12:08:18","modified_gmt":"2024-10-24T10:08:18","slug":"orphanage-akany-avotra","status":"publish","type":"page","link":"http:\/\/clinica-lavision.com\/de\/projects\/orphanage-akany-avotra\/","title":{"rendered":"Waisenhaus (Fort Dauphin)"},"content":{"rendered":"<p>Das \u00f6rtliche Kinderheim gibt es schon seit langem, und war eins der ersten Projekte das wir unterst\u00fctzt haben. In der Regel wohnen dort ca. 60 Kinder und Jugendliche. Die Gr\u00fcnde warum sie zu Waisen wurden sind sehr unterschiedlich und jeder von Ihnen hat seine eigene Geschichte. Im Waisenhaus wachsen die Kids zu einer eigenen Familie zusammen, gehen zur Schule und werden versorgt bis sie vollj\u00e4hrig sind.<\/p>\n<p><strong>So helfen wir:<br \/>\n<\/strong>Die Kinder erhalten in unserer Klinik medizinische Versorgung, bei Bedarf Kleidung und Hygieneprodukte sowie regelm\u00e4ssige Essensverteilungen. Bei besonderen Anl\u00e4ssen gibt es Spielsachen f\u00fcr die Kleinen und das Highlight jedes Jahr ist die grosse Weihnachtsfeier mit Weihnachtsbaum, Tanz, Musik, vielen Leckereien und \u00dcberraschungen \ud83d\ude0a<\/p>\n<p>&nbsp;<\/p>\n<p><a href=\"http:\/\/clinica-lavision.com\/de\/category\/local-help\/orphanage\/\"><strong>Aktuelle Beitr\u00e4ge zu diesem Thema&#8230;<\/strong><\/a><\/p>","protected":false},"excerpt":{"rendered":"<p>Das \u00f6rtliche Kinderheim gibt es schon seit langem, und war eins der ersten Projekte das wir unterst\u00fctzt haben. In der Regel wohnen dort ca. 60 Kinder und Jugendliche. Die Gr\u00fcnde warum sie zu Waisen wurden sind sehr unterschiedlich und jeder von Ihnen hat seine eigene Geschichte. Im Waisenhaus wachsen die Kids zu einer eigenen Familie &hellip; <a href=\"http:\/\/clinica-lavision.com\/de\/projects\/orphanage-akany-avotra\/\" class=\"more-link\"><span class=\"screen-reader-text\">Waisenhaus (Fort Dauphin)<\/span> weiterlesen <span class=\"meta-nav\">&rarr;<\/span><\/a><\/p>\n","protected":false},"author":3,"featured_media":1465,"parent":42,"menu_order":4,"comment_status":"closed","ping_status":"closed","template":"","meta":[],"_links":{"self":[{"href":"http:\/\/clinica-lavision.com\/de\/wp-json\/wp\/v2\/pages\/58"}],"collection":[{"href":"http:\/\/clinica-lavision.com\/de\/wp-json\/wp\/v2\/pages"}],"about":[{"href":"http:\/\/clinica-lavision.com\/de\/wp-json\/wp\/v2\/types\/page"}],"author":[{"embeddable":true,"href":"http:\/\/clinica-lavision.com\/de\/wp-json\/wp\/v2\/users\/3"}],"replies":[{"embeddable":true,"href":"http:\/\/clinica-lavision.com\/de\/wp-json\/wp\/v2\/comments?post=58"}],"version-history":[{"count":34,"href":"http:\/\/clinica-lavision.com\/de\/wp-json\/wp\/v2\/pages\/58\/revisions"}],"predecessor-version":[{"id":3836,"href":"http:\/\/clinica-lavision.com\/de\/wp-json\/wp\/v2\/pages\/58\/revisions\/3836"}],"up":[{"embeddable":true,"href":"http:\/\/clinica-lavision.com\/de\/wp-json\/wp\/v2\/pages\/42"}],"wp:featuredmedia":[{"embeddable":true,"href":"http:\/\/clinica-lavision.com\/de\/wp-json\/wp\/v2\/media\/1465"}],"wp:attachment":[{"href":"http:\/\/clinica-lavision.com\/de\/wp-json\/wp\/v2\/media?parent=58"}],"curies":[{"name":"wp","href":"https:\/\/api.w.org\/{rel}","templated":true}]}}