{"id":65,"date":"2013-09-20T14:49:38","date_gmt":"2013-09-20T12:49:38","guid":{"rendered":"http:\/\/clinica-lavision.com\/?page_id=65"},"modified":"2024-09-30T12:55:42","modified_gmt":"2024-09-30T10:55:42","slug":"support-for-women","status":"publish","type":"page","link":"http:\/\/clinica-lavision.com\/de\/projects\/support-for-women\/","title":{"rendered":"Ausbildungszentrum (Fort Dauphin)"},"content":{"rendered":"<p>Leider m\u00fcssen viele schon in jungen Jahren arbeiten gehen um die Familie finanziell zu unterst\u00fctzen. Da bleibt oftmals die Schul und sp\u00e4ter Berufsausbildung auf der Strecke. Wir sind der festen \u00dcberzeugung dass genau diese Ausbildung ausschlaggebend f\u00fcr einen Ausweg aus der Armut ist.<\/p>\n<p><strong>So helfen wir:<\/strong><br \/>\nNach vielen B\u00fcrokratischen H\u00fcrden durften wir vor einigen Jahren offiziell die T\u00fcren zu unserem Ausbildungszentrum \u00f6ffnen. In Zusammenarbeit mit den \u00f6rtlichen Lycee Technique, sind wir nun vom Madagassichen Staat anerkannt dazu Jung und Alt im N\u00e4hen, Kochen und Schreinern auszubilden.<\/p>\n<p><a href=\"http:\/\/clinica-lavision.com\/de\/category\/local-help\/support-for-women\/\"><strong>Aktuelle Beitr\u00e4ge zu diesem Thema&#8230;<\/strong><\/a><\/p>","protected":false},"excerpt":{"rendered":"<p>Leider m\u00fcssen viele schon in jungen Jahren arbeiten gehen um die Familie finanziell zu unterst\u00fctzen. Da bleibt oftmals die Schul und sp\u00e4ter Berufsausbildung auf der Strecke. Wir sind der festen \u00dcberzeugung dass genau diese Ausbildung ausschlaggebend f\u00fcr einen Ausweg aus der Armut ist. So helfen wir: Nach vielen B\u00fcrokratischen H\u00fcrden durften wir vor einigen Jahren &hellip; <a href=\"http:\/\/clinica-lavision.com\/de\/projects\/support-for-women\/\" class=\"more-link\"><span class=\"screen-reader-text\">Ausbildungszentrum (Fort Dauphin)<\/span> weiterlesen <span class=\"meta-nav\">&rarr;<\/span><\/a><\/p>\n","protected":false},"author":3,"featured_media":3009,"parent":42,"menu_order":6,"comment_status":"closed","ping_status":"closed","template":"","meta":[],"_links":{"self":[{"href":"http:\/\/clinica-lavision.com\/de\/wp-json\/wp\/v2\/pages\/65"}],"collection":[{"href":"http:\/\/clinica-lavision.com\/de\/wp-json\/wp\/v2\/pages"}],"about":[{"href":"http:\/\/clinica-lavision.com\/de\/wp-json\/wp\/v2\/types\/page"}],"author":[{"embeddable":true,"href":"http:\/\/clinica-lavision.com\/de\/wp-json\/wp\/v2\/users\/3"}],"replies":[{"embeddable":true,"href":"http:\/\/clinica-lavision.com\/de\/wp-json\/wp\/v2\/comments?post=65"}],"version-history":[{"count":40,"href":"http:\/\/clinica-lavision.com\/de\/wp-json\/wp\/v2\/pages\/65\/revisions"}],"predecessor-version":[{"id":3609,"href":"http:\/\/clinica-lavision.com\/de\/wp-json\/wp\/v2\/pages\/65\/revisions\/3609"}],"up":[{"embeddable":true,"href":"http:\/\/clinica-lavision.com\/de\/wp-json\/wp\/v2\/pages\/42"}],"wp:featuredmedia":[{"embeddable":true,"href":"http:\/\/clinica-lavision.com\/de\/wp-json\/wp\/v2\/media\/3009"}],"wp:attachment":[{"href":"http:\/\/clinica-lavision.com\/de\/wp-json\/wp\/v2\/media?parent=65"}],"curies":[{"name":"wp","href":"https:\/\/api.w.org\/{rel}","templated":true}]}}