{"id":67,"date":"2013-09-20T14:50:06","date_gmt":"2013-09-20T12:50:06","guid":{"rendered":"http:\/\/clinica-lavision.com\/?page_id=67"},"modified":"2024-09-30T11:37:40","modified_gmt":"2024-09-30T09:37:40","slug":"ophtalmology-clinic-la-vision","status":"publish","type":"page","link":"http:\/\/clinica-lavision.com\/de\/projects\/ophtalmology-clinic-la-vision\/","title":{"rendered":"Augenklinik La Vision"},"content":{"rendered":"<p>Der S\u00fcden der Insel ist ein karges Land, mit geringer medizinischer Versorgung die f\u00fcr alle zug\u00e4nglich ist. Oftmals ist ein Arztbesuch zu teuer und mit einer langen Reise (in vielen F\u00e4llen einem langen Fussmarsch) verbunden.<\/p>\n<p>Als wir unsere Hilforganisation gegr\u00fcndet haben gab es in Fort Dauphin keine Augenklinik. Die Menschen vor Ort hatten keine M\u00f6glichkeit auf eine Untersuchung der Augen, eventuell ben\u00f6gtigte Brille oder Behandlung. Uns war klar dass man vielen Menschen durch einem kleinen Eingriff, oder auch schon einer grunds\u00e4tzlichen medizinischen Betreuung helfen k\u00f6nnte, ihr Sehf\u00e4higkeit zu verbessern und somit auch Ihre Lebensqualit\u00e4t zu steigern.<\/p>\n<p><strong>So helfen wir:\u00a0<\/strong><\/p>\n<p>Somit bauten wir eine Augenklinik in Fort Dauphin. Wir haben vorhandene Geb\u00e4ude renoviert bzw. umgebaut. So entstand ein B\u00fcro, zwei Behandlungsr\u00e4ume, Lagerraum f\u00fcr Brillen und Medikamente sowie eine Apotheke.<\/p>\n<p>Mit Hilfe von Freunden und Bekannten haben wir w\u00e4hrenddessen einen See-Container mit OP- und Untersuchungsger\u00e4ten, M\u00f6beln, Medikamente und Brillen nach Fort Dauphin geschickt. Nach Ankunft des Containers konnten die Renovierungsarbeiten der Augenklinik vollst\u00e4ndig abgeschlossen werden und 2013 offiziell er\u00f6ffnet werden. Ein Spanischer Augenarzt begleitete die Ankunft aller medizinischen Ger\u00e4te und stand unseren Einheimischen \u00c4rzten am Anfang mit Rat und Tat zu Seite.<\/p>\n<p>Seitdem versorgt unser Madagassischer Augenarzt mittellose Menschen mit Augenbehandlungen, Brillen und allem was gebraucht wird. Wir haben auch einen Familienarzt der mittellose Patienten behandelt und mit den ben\u00f6tigten Medikamenten versorgt. Dies ist alles kostenlos und wird durch unsere Spender finanziert.<\/p>\n<p>&nbsp;<\/p>\n<p>&nbsp;<\/p>\n<p><a href=\"http:\/\/clinica-lavision.com\/de\/category\/local-help\/ophtalmology-clinic-la-vision\/\"><strong>Aktuelle Beitr\u00e4ge zu diesem Thema&#8230;<\/strong><\/a><\/p>","protected":false},"excerpt":{"rendered":"<p>Der S\u00fcden der Insel ist ein karges Land, mit geringer medizinischer Versorgung die f\u00fcr alle zug\u00e4nglich ist. Oftmals ist ein Arztbesuch zu teuer und mit einer langen Reise (in vielen F\u00e4llen einem langen Fussmarsch) verbunden. Als wir unsere Hilforganisation gegr\u00fcndet haben gab es in Fort Dauphin keine Augenklinik. Die Menschen vor Ort hatten keine M\u00f6glichkeit &hellip; <a href=\"http:\/\/clinica-lavision.com\/de\/projects\/ophtalmology-clinic-la-vision\/\" class=\"more-link\"><span class=\"screen-reader-text\">Augenklinik La Vision<\/span> weiterlesen <span class=\"meta-nav\">&rarr;<\/span><\/a><\/p>\n","protected":false},"author":3,"featured_media":280,"parent":42,"menu_order":9,"comment_status":"closed","ping_status":"closed","template":"","meta":[],"_links":{"self":[{"href":"http:\/\/clinica-lavision.com\/de\/wp-json\/wp\/v2\/pages\/67"}],"collection":[{"href":"http:\/\/clinica-lavision.com\/de\/wp-json\/wp\/v2\/pages"}],"about":[{"href":"http:\/\/clinica-lavision.com\/de\/wp-json\/wp\/v2\/types\/page"}],"author":[{"embeddable":true,"href":"http:\/\/clinica-lavision.com\/de\/wp-json\/wp\/v2\/users\/3"}],"replies":[{"embeddable":true,"href":"http:\/\/clinica-lavision.com\/de\/wp-json\/wp\/v2\/comments?post=67"}],"version-history":[{"count":34,"href":"http:\/\/clinica-lavision.com\/de\/wp-json\/wp\/v2\/pages\/67\/revisions"}],"predecessor-version":[{"id":3603,"href":"http:\/\/clinica-lavision.com\/de\/wp-json\/wp\/v2\/pages\/67\/revisions\/3603"}],"up":[{"embeddable":true,"href":"http:\/\/clinica-lavision.com\/de\/wp-json\/wp\/v2\/pages\/42"}],"wp:featuredmedia":[{"embeddable":true,"href":"http:\/\/clinica-lavision.com\/de\/wp-json\/wp\/v2\/media\/280"}],"wp:attachment":[{"href":"http:\/\/clinica-lavision.com\/de\/wp-json\/wp\/v2\/media?parent=67"}],"curies":[{"name":"wp","href":"https:\/\/api.w.org\/{rel}","templated":true}]}}