{"id":424,"date":"2013-10-24T00:14:08","date_gmt":"2013-10-23T22:14:08","guid":{"rendered":"http:\/\/clinica-lavision.com\/?page_id=424"},"modified":"2024-09-30T11:21:19","modified_gmt":"2024-09-30T09:21:19","slug":"legal-notice","status":"publish","type":"page","link":"http:\/\/clinica-lavision.com\/en\/legal-notice\/","title":{"rendered":"Legal Notice"},"content":{"rendered":"<p>Angaben gem. \u00a7 5 TMG<\/p>\n<h4>Betreiber und Kontakt:<\/h4>\n<p>Association Vision<\/p>\n<p>Ampamakiambato Tolagnaro (Madagascar)<\/p>\n<p>Telefonnummer: 0034 679 990 207<\/p>\n<p>E-Mail: jessica@zimmermannsl.com<\/p>\n<h4>Vertretung:<\/h4>\n<p>Jessica Zimmermann<\/p>\n<h4>Zust\u00e4ndige Aufsichtsbeh\u00f6rde:<\/h4>\n<p>Service Regional D\u2018anosy<\/p>\n<h4>Registernummer:<\/h4>\n<p>Register: Institut National de la Statistique Registernummer: 85194 53 2013 0 00023<\/p>\n<h4>Umsatzsteuer-ID:<\/h4>\n<p>NIF: 3 001 111 382<\/p>\n<h4>Delegation Spanien:<\/h4>\n<p>Association Vision<\/p>\n<p>Ctra. Jesus Pobre 134<\/p>\n<p>E &#8211; 03730 Javea (Alicante)<\/p>\n<p>CIF: G42519397<\/p>\n<p>Tel: 034 679 990 207<\/p>\n<p>jessica@zimmermannsl.com<\/p>\n<p>(Inscrita en el Registro Nacional de Asociaciones Espa\u00f1a)<\/p>\n<h1>Disclaimer<\/h1>\n<h4>1. Haftungsbeschr\u00e4nkung<\/h4>\n<p>Die Webseite wurde mit gr\u00f6\u00dftm\u00f6glicher Sorgfalt erstellt. Der Anbieter dieser Webseite \u00fcbernimmt dennoch keine Gew\u00e4hr f\u00fcr die Richtigkeit, Vollst\u00e4ndigkeit und Aktualit\u00e4t der bereitgestellten Inhalte und Informationen. Die Nutzung der Webseiteninhalte erfolgt auf eigene Gefahr. Allein durch die Nutzung der Website kommt keinerlei Vertragsverh\u00e4ltnis zwischen dem Nutzer und dem Anbieter zustande.<\/p>\n<h4>2. Verlinkungen<\/h4>\n<p>Die Webseite kann Verlinkungen zu anderen Webseiten enthalten (&#8220;externe Links&#8221;). Diese Webseiten unterliegen der Haftung der jeweiligen Seitenbetreiber. Bei Verkn\u00fcpfung der externen Links waren keine Rechtsverst\u00f6\u00dfe ersichtlich. Auf die aktuelle und k\u00fcnftige Gestaltung der verlinkten Seiten hat der Anbieter keinen Einfluss. Die permanente \u00dcberpr\u00fcfung der externen Links ist f\u00fcr den Anbieter ohne konkrete Hinweise auf Rechtsverst\u00f6\u00dfe nicht zumutbar. Bei Bekanntwerden von Rechtsverst\u00f6\u00dfen werden die betroffenen externen Links unverz\u00fcglich gel\u00f6scht.<\/p>\n<h4>3. Urheberrecht \/ Leistungsschutzrecht<\/h4>\n<p>Die auf dieser Webseite durch den Anbieter ver\u00f6ffentlichten Inhalte unterliegen dem deutschen Urheberrecht und Leistungsschutzrecht. Alle vom deutschen Urheber- und Leistungsschutzrecht nicht zugelassene Verwertung bedarf der vorherigen schriftlichen Zustimmung des Anbieters oder jeweiligen Rechteinhabers. Dies gilt vor allem f\u00fcr Vervielf\u00e4ltigung, Bearbeitung, \u00dcbersetzung, Einspeicherung, Verarbeitung bzw. Wiedergabe von Inhalten in Datenbanken oder anderen elektronischen Medien und Systemen. Dabei sind Inhalte und Rechte Dritter als solche gekennzeichnet. Das unerlaubte Kopieren der Webseiteninhalte oder der kompletten Webseite ist nicht gestattet und strafbar. Lediglich die Herstellung von Kopien und Downloads f\u00fcr den pers\u00f6nlichen, privaten und nicht kommerziellen Gebrauch ist erlaubt.<\/p>\n<p>Diese Website darf ohne schriftliche Erlaubnis nicht durch Dritte in Frames oder eingebettete Frames (sog iframes) dargestellt werden.<\/p>\n<h4>4. Datenschutz<\/h4>\n<p>Mit dem Besuch dieser Webseite k\u00f6nnen Informationen \u00fcber den Zugriff gespeichert werden. Diese Daten wie Uhrzeit, Datum und die betrachtete Seite geh\u00f6ren nicht zu den personenbezogenen Daten, sondern sind anonymisiert. Dies werden nur aus statistischen Zwecken erfasst. Eine Weitergabe an Dritte, zu kommerziellen oder nichtkommerziellen Zwecken, erfolgt nicht.<\/p>\n<p>Der Anbieter weist ausdr\u00fccklich darauf hin, dass die Daten\u00fcbertragung im Internet (z.B. bei der Kommunikation per E-Mail) Sicherheitsl\u00fccken aufweisen und nicht l\u00fcckenlos vor dem Zugriff durch Dritte gesch\u00fctzt werden kann.<\/p>\n<p>Die Verwendung der Kontaktdaten des Impressums zur gewerblichen Werbung ist ausdr\u00fccklich nicht erw\u00fcnscht, es sei denn der Anbieter hatte zuvor seine schriftliche Einwilligung erteilt oder es besteht bereits eine Gesch\u00e4ftsbeziehung. Der Anbieter und alle auf dieser Website genannten Personen widersprechen hiermit jeder kommerziellen Verwendung und Weitergabe ihrer Daten.<\/p>","protected":false},"excerpt":{"rendered":"<p>Angaben gem. \u00a7 5 TMG Betreiber und Kontakt: Association Vision Ampamakiambato Tolagnaro (Madagascar) Telefonnummer: 0034 679 990 207 E-Mail: jessica@zimmermannsl.com Vertretung: Jessica Zimmermann Zust\u00e4ndige Aufsichtsbeh\u00f6rde: Service Regional D\u2018anosy Registernummer: Register: Institut National de la Statistique Registernummer: 85194 53 2013 0 00023 Umsatzsteuer-ID: NIF: 3 001 111 382 Delegation Spanien: Association Vision Ctra. Jesus Pobre 134 &hellip; <a href=\"http:\/\/clinica-lavision.com\/en\/legal-notice\/\" class=\"more-link\">Continue reading <span class=\"screen-reader-text\">Legal Notice<\/span> <span class=\"meta-nav\">&rarr;<\/span><\/a><\/p>\n","protected":false},"author":2,"featured_media":0,"parent":0,"menu_order":0,"comment_status":"closed","ping_status":"open","template":"","meta":[],"_links":{"self":[{"href":"http:\/\/clinica-lavision.com\/en\/wp-json\/wp\/v2\/pages\/424"}],"collection":[{"href":"http:\/\/clinica-lavision.com\/en\/wp-json\/wp\/v2\/pages"}],"about":[{"href":"http:\/\/clinica-lavision.com\/en\/wp-json\/wp\/v2\/types\/page"}],"author":[{"embeddable":true,"href":"http:\/\/clinica-lavision.com\/en\/wp-json\/wp\/v2\/users\/2"}],"replies":[{"embeddable":true,"href":"http:\/\/clinica-lavision.com\/en\/wp-json\/wp\/v2\/comments?post=424"}],"version-history":[{"count":12,"href":"http:\/\/clinica-lavision.com\/en\/wp-json\/wp\/v2\/pages\/424\/revisions"}],"predecessor-version":[{"id":3601,"href":"http:\/\/clinica-lavision.com\/en\/wp-json\/wp\/v2\/pages\/424\/revisions\/3601"}],"wp:attachment":[{"href":"http:\/\/clinica-lavision.com\/en\/wp-json\/wp\/v2\/media?parent=424"}],"curies":[{"name":"wp","href":"https:\/\/api.w.org\/{rel}","templated":true}]}}