{"id":1116,"date":"2014-02-07T14:25:51","date_gmt":"2014-02-07T13:25:51","guid":{"rendered":"http:\/\/clinica-lavision.com\/?page_id=1116"},"modified":"2024-10-21T15:25:57","modified_gmt":"2024-10-21T13:25:57","slug":"family-helps-family","status":"publish","type":"page","link":"http:\/\/clinica-lavision.com\/es\/projects\/family-helps-family\/","title":{"rendered":"Familia por familia (Fort Dauphin)"},"content":{"rendered":"<p><a href=\"http:\/\/clinica-lavision.com\/wordpress\/wp-content\/uploads\/2014\/02\/Famille-BAOSAMBA-Meltine.jpg\" rel=\"lightbox[1116]\"><img decoding=\"async\" loading=\"lazy\" class=\"alignnone size-medium wp-image-1126\" src=\"http:\/\/clinica-lavision.com\/wordpress\/wp-content\/uploads\/2014\/02\/Famille-BAOSAMBA-Meltine-300x225.jpg\" alt=\"Famille BAOSAMBA Meltine\" width=\"300\" height=\"225\" srcset=\"http:\/\/clinica-lavision.com\/wordpress\/wp-content\/uploads\/2014\/02\/Famille-BAOSAMBA-Meltine-300x225.jpg 300w, http:\/\/clinica-lavision.com\/wordpress\/wp-content\/uploads\/2014\/02\/Famille-BAOSAMBA-Meltine-1024x768.jpg 1024w, http:\/\/clinica-lavision.com\/wordpress\/wp-content\/uploads\/2014\/02\/Famille-BAOSAMBA-Meltine.jpg 2048w\" sizes=\"(max-width: 300px) 100vw, 300px\" \/><\/a><\/p>\n<p>En Madagascar mucha gente tiene un salario que apenas cubre las necesidades b\u00e1sicas de una familia. Cuando estos ingresos fallan, por enfermedad o perdida de una familiar la situaci\u00f3n empeora.<\/p>\n<p>Nosotros intentamos a ayudar a familias que han sufrido esta perdida.<\/p>\n<p>Actualmente unas 20 familias reciben paquetes de con cosas b\u00e1sicas como arroz, verdura, jab\u00f3n, etc). Adem\u00e1s reciben apoyo para las cuotas escolares, material escolar, ropa y atenci\u00f3n medica gratuita.<\/p>\n<p>\u00a1Ay\u00fadanos a ayudar a otros!<\/p>\n<p><strong><a href=\"http:\/\/clinica-lavision.com\/es\/category\/projects\/family-helps-family\/\">Actualidad\u00e9s del t\u00e9ma&#8230;<\/a><\/strong><\/p>","protected":false},"excerpt":{"rendered":"<p>En Madagascar mucha gente tiene un salario que apenas cubre las necesidades b\u00e1sicas de una familia. Cuando estos ingresos fallan, por enfermedad o perdida de una familiar la situaci\u00f3n empeora. Nosotros intentamos a ayudar a familias que han sufrido esta perdida. Actualmente unas 20 familias reciben paquetes de con cosas b\u00e1sicas como arroz, verdura, jab\u00f3n, &hellip; <a href=\"http:\/\/clinica-lavision.com\/es\/projects\/family-helps-family\/\" class=\"more-link\">Seguir leyendo <span class=\"screen-reader-text\">Familia por familia (Fort Dauphin)<\/span> <span class=\"meta-nav\">&rarr;<\/span><\/a><\/p>\n","protected":false},"author":3,"featured_media":0,"parent":42,"menu_order":10,"comment_status":"open","ping_status":"closed","template":"","meta":[],"_links":{"self":[{"href":"http:\/\/clinica-lavision.com\/es\/wp-json\/wp\/v2\/pages\/1116"}],"collection":[{"href":"http:\/\/clinica-lavision.com\/es\/wp-json\/wp\/v2\/pages"}],"about":[{"href":"http:\/\/clinica-lavision.com\/es\/wp-json\/wp\/v2\/types\/page"}],"author":[{"embeddable":true,"href":"http:\/\/clinica-lavision.com\/es\/wp-json\/wp\/v2\/users\/3"}],"replies":[{"embeddable":true,"href":"http:\/\/clinica-lavision.com\/es\/wp-json\/wp\/v2\/comments?post=1116"}],"version-history":[{"count":15,"href":"http:\/\/clinica-lavision.com\/es\/wp-json\/wp\/v2\/pages\/1116\/revisions"}],"predecessor-version":[{"id":3830,"href":"http:\/\/clinica-lavision.com\/es\/wp-json\/wp\/v2\/pages\/1116\/revisions\/3830"}],"up":[{"embeddable":true,"href":"http:\/\/clinica-lavision.com\/es\/wp-json\/wp\/v2\/pages\/42"}],"wp:attachment":[{"href":"http:\/\/clinica-lavision.com\/es\/wp-json\/wp\/v2\/media?parent=1116"}],"curies":[{"name":"wp","href":"https:\/\/api.w.org\/{rel}","templated":true}]}}