{"id":124,"date":"2013-09-25T13:04:30","date_gmt":"2013-09-25T11:04:30","guid":{"rendered":"http:\/\/clinica-lavision.com\/?page_id=124"},"modified":"2024-09-27T12:15:41","modified_gmt":"2024-09-27T10:15:41","slug":"about-us","status":"publish","type":"page","link":"http:\/\/clinica-lavision.com\/es\/about-us\/","title":{"rendered":"Quien somos"},"content":{"rendered":"<p><strong>\u201cLa pobreza es un mal que solo se puede luchar unidos\u201d<\/strong><br \/>\nNac\u00ed en Madagascar; en un pa\u00eds precioso, gobernado por la pobreza. Me cr\u00ede en esta pobreza y tuve la suerte de tener una vida mejor. Me gustar\u00eda ofrecerles esta oportunidad a otras personas de mi pa\u00eds de origen.<\/p>\n<p style=\"text-align: right;\">Rufine Zimmermann<\/p>\n<p><strong><br \/>\nJessica Zimmermann &#8211; Mi punto de vista y mis experiencias:<br \/>\n<\/strong>Gracias a mi Madre y nuestras visitas anuales a Madagascar para visitar a la familia, he conocido muchos malgaches que me han permitido conocer su vida diaria. Ya muy joven he aprendido, que la vida no es igual de bonita y libre de preocupaciones en todo el mundo, como en mi casa en Europa. Tambi\u00e9n aprend\u00ed que la gente de Madagascar, a pesar de la pobreza, tiene muchas ganas de vivir y no pierden la esperanza de tener una vida mejor. Para apoyar a estas personas, hace muchos a\u00f1os he empezado junto a mi familia ayudar activamente a la gente. Nos pusimos en contacto con el orfanato de Fort Dauphin para averiguar c\u00f3mo se pod\u00eda ayudar. Desde entonces hemos proporcionado alimentaci\u00f3n y atenci\u00f3n medica, a nivel privado. A trav\u00e9s de esta colaboraci\u00f3n hemos conocido a las monjas locales que nos mostraron m\u00e1s posibilidades de ayudar, en las que quer\u00edamos participar. As\u00ed que con el paso de los a\u00f1os surgieron m\u00e1s proyectos de ayuda diferentes.<\/p>\n<p>Mas proyectos tambi\u00e9n significaba que necesitar\u00edamos ayuda de otros. Por eso mi familia creo nuestra ONG \u00abLa Vision\u00bb. A trav\u00e9s de eventos ben\u00e9ficos, mercadillos, etc. recaudamos fondos para financiar nuestros proyectos. Todos estos eventos lo llevan nuestros voluntarios en su tiempo libre. As\u00ed que el 100% de dinero recaudado esta destinado nuestros proyectos humanitarios. Sin el apoyo de nuestros voluntarios y colaboradores todo esto no seria posible.<\/p>\n<p>Mi familia y yo os damos las gracias de todo coraz\u00f3n y esperamos que sig\u00e1is colaborando con nosotros.<\/p>","protected":false},"excerpt":{"rendered":"<p>\u201cLa pobreza es un mal que solo se puede luchar unidos\u201d Nac\u00ed en Madagascar; en un pa\u00eds precioso, gobernado por la pobreza. Me cr\u00ede en esta pobreza y tuve la suerte de tener una vida mejor. Me gustar\u00eda ofrecerles esta oportunidad a otras personas de mi pa\u00eds de origen. Rufine Zimmermann Jessica Zimmermann &#8211; Mi &hellip; <a href=\"http:\/\/clinica-lavision.com\/es\/about-us\/\" class=\"more-link\">Seguir leyendo <span class=\"screen-reader-text\">Quien somos<\/span> <span class=\"meta-nav\">&rarr;<\/span><\/a><\/p>\n","protected":false},"author":3,"featured_media":0,"parent":0,"menu_order":0,"comment_status":"open","ping_status":"closed","template":"","meta":[],"_links":{"self":[{"href":"http:\/\/clinica-lavision.com\/es\/wp-json\/wp\/v2\/pages\/124"}],"collection":[{"href":"http:\/\/clinica-lavision.com\/es\/wp-json\/wp\/v2\/pages"}],"about":[{"href":"http:\/\/clinica-lavision.com\/es\/wp-json\/wp\/v2\/types\/page"}],"author":[{"embeddable":true,"href":"http:\/\/clinica-lavision.com\/es\/wp-json\/wp\/v2\/users\/3"}],"replies":[{"embeddable":true,"href":"http:\/\/clinica-lavision.com\/es\/wp-json\/wp\/v2\/comments?post=124"}],"version-history":[{"count":23,"href":"http:\/\/clinica-lavision.com\/es\/wp-json\/wp\/v2\/pages\/124\/revisions"}],"predecessor-version":[{"id":3590,"href":"http:\/\/clinica-lavision.com\/es\/wp-json\/wp\/v2\/pages\/124\/revisions\/3590"}],"wp:attachment":[{"href":"http:\/\/clinica-lavision.com\/es\/wp-json\/wp\/v2\/media?parent=124"}],"curies":[{"name":"wp","href":"https:\/\/api.w.org\/{rel}","templated":true}]}}