{"id":133,"date":"2013-09-25T22:00:19","date_gmt":"2013-09-25T20:00:19","guid":{"rendered":"http:\/\/clinica-lavision.com\/?page_id=133"},"modified":"2024-09-27T12:20:08","modified_gmt":"2024-09-27T10:20:08","slug":"madagascar","status":"publish","type":"page","link":"http:\/\/clinica-lavision.com\/es\/madagascar\/","title":{"rendered":"Madagascar"},"content":{"rendered":"<p>Madagascar tiene aproximadamente 30 millones de habitantes y con su superficie de 592.796 km2 es una de las islas mas grandes del mundo. La isla esta situada en la costa este de Mozambique en el oc\u00e9ano \u00edndico.<\/p>\n<p>La isla es conocida por su flora y fauna \u00fanica, ya que muchas especies de plantas y animales que viven aqu\u00ed son \u00fanicos en la tierra. Pero, por desgracia esta naturaleza se ve amenazada. Debido al crecimiento de la poblaci\u00f3n, cada vez se ahuyentan mas especies de animales.<\/p>\n<p><a href=\"http:\/\/clinica-lavision.com\/wordpress\/wp-content\/uploads\/2013\/09\/Madagaskar-5.jpg\" rel=\"lightbox[133]\"><img decoding=\"async\" loading=\"lazy\" src=\"http:\/\/clinica-lavision.com\/wordpress\/wp-content\/uploads\/2013\/09\/Madagaskar-5-300x225.jpg\" alt=\"Madagaskar (5)\" width=\"300\" height=\"225\" \/><\/a>\u00a0<a href=\"http:\/\/clinica-lavision.com\/wordpress\/wp-content\/uploads\/2013\/09\/Madagaskar-6.jpg\" rel=\"lightbox[133]\"><img decoding=\"async\" loading=\"lazy\" src=\"http:\/\/clinica-lavision.com\/wordpress\/wp-content\/uploads\/2013\/09\/Madagaskar-6-300x225.jpg\" alt=\"Madagaskar (6)\" width=\"300\" height=\"225\" \/><\/a><\/p>\n<p><a href=\"http:\/\/clinica-lavision.com\/wordpress\/wp-content\/uploads\/2013\/09\/Madagaskar-7.jpg\" rel=\"lightbox[133]\"><img decoding=\"async\" loading=\"lazy\" src=\"http:\/\/clinica-lavision.com\/wordpress\/wp-content\/uploads\/2013\/09\/Madagaskar-7-300x225.jpg\" alt=\"Madagaskar (7)\" width=\"300\" height=\"225\" \/><\/a>\u00a0<a href=\"http:\/\/clinica-lavision.com\/wordpress\/wp-content\/uploads\/2013\/09\/Madagaskar-8.jpg\" rel=\"lightbox[133]\"><img decoding=\"async\" loading=\"lazy\" src=\"http:\/\/clinica-lavision.com\/wordpress\/wp-content\/uploads\/2013\/09\/Madagaskar-8-300x225.jpg\" alt=\"Madagaskar (8)\" width=\"300\" height=\"225\" \/><\/a><\/p>\n<p><a href=\"http:\/\/clinica-lavision.com\/wordpress\/wp-content\/uploads\/2013\/09\/Madagaskar-9.jpg\" rel=\"lightbox[133]\"><img decoding=\"async\" loading=\"lazy\" src=\"http:\/\/clinica-lavision.com\/wordpress\/wp-content\/uploads\/2013\/09\/Madagaskar-9-300x225.jpg\" alt=\"Madagaskar (9)\" width=\"300\" height=\"225\" \/><\/a>\u00a0<a href=\"http:\/\/clinica-lavision.com\/wordpress\/wp-content\/uploads\/2013\/09\/Madagaskar-10.jpg\" rel=\"lightbox[133]\"><img decoding=\"async\" loading=\"lazy\" src=\"http:\/\/clinica-lavision.com\/wordpress\/wp-content\/uploads\/2013\/09\/Madagaskar-10-300x225.jpg\" alt=\"Madagaskar (10)\" width=\"300\" height=\"225\" \/><\/a><\/p>\n<p><a href=\"http:\/\/clinica-lavision.com\/wordpress\/wp-content\/uploads\/2013\/09\/Madagaskar-11.jpg\" rel=\"lightbox[133]\"><img decoding=\"async\" loading=\"lazy\" src=\"http:\/\/clinica-lavision.com\/wordpress\/wp-content\/uploads\/2013\/09\/Madagaskar-11-300x225.jpg\" alt=\"Madagaskar (11)\" width=\"300\" height=\"225\" \/><\/a>\u00a0<a href=\"http:\/\/clinica-lavision.com\/wordpress\/wp-content\/uploads\/2013\/09\/Madagaskar-12.jpg\" rel=\"lightbox[133]\"><img decoding=\"async\" loading=\"lazy\" src=\"http:\/\/clinica-lavision.com\/wordpress\/wp-content\/uploads\/2013\/09\/Madagaskar-12-300x225.jpg\" alt=\"Madagaskar (12)\" width=\"300\" height=\"225\" \/><\/a><\/p>\n<p><a href=\"http:\/\/clinica-lavision.com\/wordpress\/wp-content\/uploads\/2013\/09\/Madagaskar-13.jpg\" rel=\"lightbox[133]\"><img decoding=\"async\" loading=\"lazy\" src=\"http:\/\/clinica-lavision.com\/wordpress\/wp-content\/uploads\/2013\/09\/Madagaskar-13-300x225.jpg\" alt=\"Madagaskar (13)\" width=\"300\" height=\"225\" \/><\/a>\u00a0<a href=\"http:\/\/clinica-lavision.com\/wordpress\/wp-content\/uploads\/2013\/09\/Madagaskar-14.jpg\" rel=\"lightbox[133]\"><img decoding=\"async\" loading=\"lazy\" src=\"http:\/\/clinica-lavision.com\/wordpress\/wp-content\/uploads\/2013\/09\/Madagaskar-14-300x225.jpg\" alt=\"Madagaskar (14)\" width=\"300\" height=\"225\" \/><\/a><\/p>\n<p><a href=\"http:\/\/clinica-lavision.com\/wordpress\/wp-content\/uploads\/2013\/09\/Madagaskar-15.jpg\" rel=\"lightbox[133]\"><img decoding=\"async\" loading=\"lazy\" src=\"http:\/\/clinica-lavision.com\/wordpress\/wp-content\/uploads\/2013\/09\/Madagaskar-15-300x225.jpg\" alt=\"Madagaskar (15)\" width=\"300\" height=\"225\" \/><\/a>\u00a0<a href=\"http:\/\/clinica-lavision.com\/wordpress\/wp-content\/uploads\/2013\/09\/Madagaskar-16.jpg\" rel=\"lightbox[133]\"><img decoding=\"async\" loading=\"lazy\" src=\"http:\/\/clinica-lavision.com\/wordpress\/wp-content\/uploads\/2013\/09\/Madagaskar-16-300x225.jpg\" alt=\"Madagaskar (16)\" width=\"300\" height=\"225\" \/><\/a><\/p>\n<p>Por inestabilidad gubernamental, corrupci\u00f3n, el paro y cambio clim\u00e1tico muchas regiones sufren pobreza. Muchos no tienen acceso a agua potable, no pueden proporcionar educaci\u00f3n escolar a sus hijos ni visitas al medico, medicamentos, etc. Los precios de los alimentos b\u00e1sicos han aumentado mucho en los \u00faltimos a\u00f1os al igual que el paro. A la vez los salarios siguen rodeando los 40\u20ac mensuales de media.<\/p>\n<p><a href=\"http:\/\/clinica-lavision.com\/wordpress\/wp-content\/uploads\/2013\/09\/Madagaskar-3.jpg\" rel=\"lightbox[133]\"><img decoding=\"async\" loading=\"lazy\" src=\"http:\/\/clinica-lavision.com\/wordpress\/wp-content\/uploads\/2013\/09\/Madagaskar-3-300x225.jpg\" alt=\"Madagaskar (3)\" width=\"300\" height=\"225\" \/><\/a>\u00a0<a href=\"http:\/\/clinica-lavision.com\/wordpress\/wp-content\/uploads\/2013\/09\/Madagaskar-4.jpg\" rel=\"lightbox[133]\"><img decoding=\"async\" loading=\"lazy\" src=\"http:\/\/clinica-lavision.com\/wordpress\/wp-content\/uploads\/2013\/09\/Madagaskar-4-300x225.jpg\" alt=\"Madagaskar (4)\" width=\"300\" height=\"225\" \/><\/a><\/p>\n<p><a href=\"http:\/\/clinica-lavision.com\/wordpress\/wp-content\/uploads\/2013\/09\/Madagaskar-24.jpg\" rel=\"lightbox[133]\"><img decoding=\"async\" loading=\"lazy\" src=\"http:\/\/clinica-lavision.com\/wordpress\/wp-content\/uploads\/2013\/09\/Madagaskar-24-300x225.jpg\" alt=\"Madagaskar (24)\" width=\"300\" height=\"225\" \/><\/a>\u00a0<a href=\"http:\/\/clinica-lavision.com\/wordpress\/wp-content\/uploads\/2013\/09\/Madagaskar-25.jpg\" rel=\"lightbox[133]\"><img decoding=\"async\" loading=\"lazy\" src=\"http:\/\/clinica-lavision.com\/wordpress\/wp-content\/uploads\/2013\/09\/Madagaskar-25-300x225.jpg\" alt=\"Madagaskar (25)\" width=\"300\" height=\"225\" \/><\/a><\/p>\n<p><a href=\"http:\/\/clinica-lavision.com\/wordpress\/wp-content\/uploads\/2013\/09\/Madagaskar-32.jpg\" rel=\"lightbox[133]\"><img decoding=\"async\" loading=\"lazy\" src=\"http:\/\/clinica-lavision.com\/wordpress\/wp-content\/uploads\/2013\/09\/Madagaskar-32-300x225.jpg\" alt=\"Madagaskar (32)\" width=\"300\" height=\"225\" \/><\/a>\u00a0<a href=\"http:\/\/clinica-lavision.com\/wordpress\/wp-content\/uploads\/2013\/09\/Madagaskar-33.jpg\" rel=\"lightbox[133]\"><img decoding=\"async\" loading=\"lazy\" src=\"http:\/\/clinica-lavision.com\/wordpress\/wp-content\/uploads\/2013\/09\/Madagaskar-33-300x225.jpg\" alt=\"Madagaskar (33)\" width=\"300\" height=\"225\" \/><\/a><\/p>\n<p><img decoding=\"async\" loading=\"lazy\" src=\"http:\/\/clinica-lavision.com\/wordpress\/wp-content\/uploads\/2013\/09\/Madagaskar-31-300x225.jpg\" alt=\"Madagaskar (31)\" width=\"300\" height=\"225\" \/>\u00a0<a href=\"http:\/\/clinica-lavision.com\/wordpress\/wp-content\/uploads\/2013\/09\/Madagaskar-29.jpg\" rel=\"lightbox[133]\"><img decoding=\"async\" loading=\"lazy\" src=\"http:\/\/clinica-lavision.com\/wordpress\/wp-content\/uploads\/2013\/09\/Madagaskar-29-300x225.jpg\" alt=\"Madagaskar (29)\" width=\"300\" height=\"225\" \/><\/a><\/p>\n<p><a href=\"http:\/\/clinica-lavision.com\/wordpress\/wp-content\/uploads\/2013\/09\/Madagaskar-30.jpg\" rel=\"lightbox[133]\"><img decoding=\"async\" loading=\"lazy\" src=\"http:\/\/clinica-lavision.com\/wordpress\/wp-content\/uploads\/2013\/09\/Madagaskar-30-300x225.jpg\" alt=\"Madagaskar (30)\" width=\"300\" height=\"225\" \/><\/a>\u00a0<a href=\"http:\/\/clinica-lavision.com\/wordpress\/wp-content\/uploads\/2013\/09\/Madagaskar-22.jpg\" rel=\"lightbox[133]\"><img decoding=\"async\" loading=\"lazy\" src=\"http:\/\/clinica-lavision.com\/wordpress\/wp-content\/uploads\/2013\/09\/Madagaskar-22-300x225.jpg\" alt=\"Madagaskar (22)\" width=\"300\" height=\"225\" \/><\/a><\/p>\n<p><a href=\"http:\/\/clinica-lavision.com\/wordpress\/wp-content\/uploads\/2013\/09\/Madagaskar-35.jpg\" rel=\"lightbox[133]\"><img decoding=\"async\" loading=\"lazy\" src=\"http:\/\/clinica-lavision.com\/wordpress\/wp-content\/uploads\/2013\/09\/Madagaskar-35-300x225.jpg\" alt=\"Madagaskar (35)\" width=\"300\" height=\"225\" \/><\/a>\u00a0<a href=\"http:\/\/clinica-lavision.com\/wordpress\/wp-content\/uploads\/2013\/09\/Madagaskar-28.jpg\" rel=\"lightbox[133]\"><img decoding=\"async\" loading=\"lazy\" src=\"http:\/\/clinica-lavision.com\/wordpress\/wp-content\/uploads\/2013\/09\/Madagaskar-28-300x225.jpg\" alt=\"Madagaskar (28)\" width=\"300\" height=\"225\" \/><\/a><\/p>\n<p><a href=\"http:\/\/clinica-lavision.com\/wordpress\/wp-content\/uploads\/2013\/09\/Madagaskar-27.jpg\" rel=\"lightbox[133]\"><img decoding=\"async\" loading=\"lazy\" src=\"http:\/\/clinica-lavision.com\/wordpress\/wp-content\/uploads\/2013\/09\/Madagaskar-27-300x225.jpg\" alt=\"Madagaskar (27)\" width=\"300\" height=\"225\" \/><\/a>\u00a0<a href=\"http:\/\/clinica-lavision.com\/wordpress\/wp-content\/uploads\/2013\/09\/Madagaskar-26.jpg\" rel=\"lightbox[133]\"><img decoding=\"async\" loading=\"lazy\" src=\"http:\/\/clinica-lavision.com\/wordpress\/wp-content\/uploads\/2013\/09\/Madagaskar-26-300x225.jpg\" alt=\"Madagaskar (26)\" width=\"300\" height=\"225\" \/><\/a><\/p>\n<p><img decoding=\"async\" loading=\"lazy\" src=\"http:\/\/clinica-lavision.com\/wordpress\/wp-content\/uploads\/2013\/09\/Madagaskar-34-300x225.jpg\" alt=\"Madagaskar (34)\" width=\"300\" height=\"225\" \/>\u00a0<a href=\"http:\/\/clinica-lavision.com\/wordpress\/wp-content\/uploads\/2013\/09\/Madagaskar-21.jpg\" rel=\"lightbox[133]\"><img decoding=\"async\" loading=\"lazy\" src=\"http:\/\/clinica-lavision.com\/wordpress\/wp-content\/uploads\/2013\/09\/Madagaskar-21-300x225.jpg\" alt=\"Madagaskar (21)\" width=\"300\" height=\"225\" \/><\/a><\/p>\n<p><a href=\"http:\/\/clinica-lavision.com\/wordpress\/wp-content\/uploads\/2013\/09\/Madagaskar-36.jpg\" rel=\"lightbox[133]\"><img decoding=\"async\" loading=\"lazy\" src=\"http:\/\/clinica-lavision.com\/wordpress\/wp-content\/uploads\/2013\/09\/Madagaskar-36-300x225.jpg\" alt=\"Madagaskar (36)\" width=\"300\" height=\"225\" \/><\/a>\u00a0<img decoding=\"async\" loading=\"lazy\" src=\"http:\/\/clinica-lavision.com\/wordpress\/wp-content\/uploads\/2013\/09\/Madagaskar-23-300x225.jpg\" alt=\"Madagaskar (23)\" width=\"300\" height=\"225\" \/><\/p>\n<p><img decoding=\"async\" loading=\"lazy\" src=\"http:\/\/clinica-lavision.com\/wordpress\/wp-content\/uploads\/2013\/09\/Madagaskar-17-300x225.jpg\" alt=\"Madagaskar (17)\" width=\"300\" height=\"225\" \/>\u00a0<img decoding=\"async\" loading=\"lazy\" src=\"http:\/\/clinica-lavision.com\/wordpress\/wp-content\/uploads\/2013\/09\/Madagaskar-18-300x225.jpg\" alt=\"Madagaskar (18)\" width=\"300\" height=\"225\" \/><\/p>\n<p><a href=\"http:\/\/clinica-lavision.com\/wordpress\/wp-content\/uploads\/2013\/09\/Madagaskar-20.jpg\" rel=\"lightbox[133]\"><img decoding=\"async\" loading=\"lazy\" src=\"http:\/\/clinica-lavision.com\/wordpress\/wp-content\/uploads\/2013\/09\/Madagaskar-20-300x225.jpg\" alt=\"Madagaskar (20)\" width=\"300\" height=\"225\" \/><\/a>\u00a0<a href=\"http:\/\/clinica-lavision.com\/wordpress\/wp-content\/uploads\/2013\/09\/Madagaskar-19.jpg\" rel=\"lightbox[133]\"><img decoding=\"async\" loading=\"lazy\" src=\"http:\/\/clinica-lavision.com\/wordpress\/wp-content\/uploads\/2013\/09\/Madagaskar-19-300x225.jpg\" alt=\"Madagaskar (19)\" width=\"300\" height=\"225\" \/><\/a><\/p>\n<p>&nbsp;<\/p>","protected":false},"excerpt":{"rendered":"<p>Madagascar tiene aproximadamente 30 millones de habitantes y con su superficie de 592.796 km2 es una de las islas mas grandes del mundo. La isla esta situada en la costa este de Mozambique en el oc\u00e9ano \u00edndico. La isla es conocida por su flora y fauna \u00fanica, ya que muchas especies de plantas y animales &hellip; <a href=\"http:\/\/clinica-lavision.com\/es\/madagascar\/\" class=\"more-link\">Seguir leyendo <span class=\"screen-reader-text\">Madagascar<\/span> <span class=\"meta-nav\">&rarr;<\/span><\/a><\/p>\n","protected":false},"author":2,"featured_media":488,"parent":0,"menu_order":0,"comment_status":"closed","ping_status":"closed","template":"","meta":[],"_links":{"self":[{"href":"http:\/\/clinica-lavision.com\/es\/wp-json\/wp\/v2\/pages\/133"}],"collection":[{"href":"http:\/\/clinica-lavision.com\/es\/wp-json\/wp\/v2\/pages"}],"about":[{"href":"http:\/\/clinica-lavision.com\/es\/wp-json\/wp\/v2\/types\/page"}],"author":[{"embeddable":true,"href":"http:\/\/clinica-lavision.com\/es\/wp-json\/wp\/v2\/users\/2"}],"replies":[{"embeddable":true,"href":"http:\/\/clinica-lavision.com\/es\/wp-json\/wp\/v2\/comments?post=133"}],"version-history":[{"count":42,"href":"http:\/\/clinica-lavision.com\/es\/wp-json\/wp\/v2\/pages\/133\/revisions"}],"predecessor-version":[{"id":3591,"href":"http:\/\/clinica-lavision.com\/es\/wp-json\/wp\/v2\/pages\/133\/revisions\/3591"}],"wp:featuredmedia":[{"embeddable":true,"href":"http:\/\/clinica-lavision.com\/es\/wp-json\/wp\/v2\/media\/488"}],"wp:attachment":[{"href":"http:\/\/clinica-lavision.com\/es\/wp-json\/wp\/v2\/media?parent=133"}],"curies":[{"name":"wp","href":"https:\/\/api.w.org\/{rel}","templated":true}]}}