{"id":58,"date":"2013-09-20T14:48:54","date_gmt":"2013-09-20T12:48:54","guid":{"rendered":"http:\/\/clinica-lavision.com\/?page_id=58"},"modified":"2024-10-24T12:08:18","modified_gmt":"2024-10-24T10:08:18","slug":"orphanage-akany-avotra","status":"publish","type":"page","link":"http:\/\/clinica-lavision.com\/es\/projects\/orphanage-akany-avotra\/","title":{"rendered":"Orfanato (Fort Dauphin)"},"content":{"rendered":"<p>El orfanato en las afueras de Fort Dauphin fue el primer proyecto que decidimos apoyar. De los 60 ni\u00f1os \/ jovenes que viven all\u00ed, cada uno tiene su historia y pasado que les lleva a ser hu\u00e9rfano. En este centro se crean una nueva familia, van al colegio y est\u00e1n cuidados hasta ser mayor de edad.<\/p>\n<p><strong>As\u00ed ayudamos nosotros:<\/strong><br \/>\nEn nuestra Clinica proporcionamos atenci\u00f3n medica a los ni\u00f1os, ropa y productos sanitarios y distribuci\u00f3n regular de comida. En ocasiones especiales tambi\u00e9n hay juguetes a los peque\u00f1os y lo que mas les hace ilusi\u00f3n es la fiesta navide\u00f1a todos los a\u00f1os, con \u00e1rbol de navidad, musica, baile, por supuesto dulces de navidad y muchas sorpresas \ud83d\ude0a<\/p>\n<p><a href=\"http:\/\/clinica-lavision.com\/es\/category\/local-help\/orphanage\/\"><strong>Actualidad\u00e9s del t\u00e9ma&#8230;<\/strong><\/a><\/p>","protected":false},"excerpt":{"rendered":"<p>El orfanato en las afueras de Fort Dauphin fue el primer proyecto que decidimos apoyar. De los 60 ni\u00f1os \/ jovenes que viven all\u00ed, cada uno tiene su historia y pasado que les lleva a ser hu\u00e9rfano. En este centro se crean una nueva familia, van al colegio y est\u00e1n cuidados hasta ser mayor de &hellip; <a href=\"http:\/\/clinica-lavision.com\/es\/projects\/orphanage-akany-avotra\/\" class=\"more-link\">Seguir leyendo <span class=\"screen-reader-text\">Orfanato (Fort Dauphin)<\/span> <span class=\"meta-nav\">&rarr;<\/span><\/a><\/p>\n","protected":false},"author":3,"featured_media":1465,"parent":42,"menu_order":4,"comment_status":"closed","ping_status":"closed","template":"","meta":[],"_links":{"self":[{"href":"http:\/\/clinica-lavision.com\/es\/wp-json\/wp\/v2\/pages\/58"}],"collection":[{"href":"http:\/\/clinica-lavision.com\/es\/wp-json\/wp\/v2\/pages"}],"about":[{"href":"http:\/\/clinica-lavision.com\/es\/wp-json\/wp\/v2\/types\/page"}],"author":[{"embeddable":true,"href":"http:\/\/clinica-lavision.com\/es\/wp-json\/wp\/v2\/users\/3"}],"replies":[{"embeddable":true,"href":"http:\/\/clinica-lavision.com\/es\/wp-json\/wp\/v2\/comments?post=58"}],"version-history":[{"count":34,"href":"http:\/\/clinica-lavision.com\/es\/wp-json\/wp\/v2\/pages\/58\/revisions"}],"predecessor-version":[{"id":3836,"href":"http:\/\/clinica-lavision.com\/es\/wp-json\/wp\/v2\/pages\/58\/revisions\/3836"}],"up":[{"embeddable":true,"href":"http:\/\/clinica-lavision.com\/es\/wp-json\/wp\/v2\/pages\/42"}],"wp:featuredmedia":[{"embeddable":true,"href":"http:\/\/clinica-lavision.com\/es\/wp-json\/wp\/v2\/media\/1465"}],"wp:attachment":[{"href":"http:\/\/clinica-lavision.com\/es\/wp-json\/wp\/v2\/media?parent=58"}],"curies":[{"name":"wp","href":"https:\/\/api.w.org\/{rel}","templated":true}]}}