{"id":65,"date":"2013-09-20T14:49:38","date_gmt":"2013-09-20T12:49:38","guid":{"rendered":"http:\/\/clinica-lavision.com\/?page_id=65"},"modified":"2024-09-30T12:55:42","modified_gmt":"2024-09-30T10:55:42","slug":"support-for-women","status":"publish","type":"page","link":"http:\/\/clinica-lavision.com\/es\/projects\/support-for-women\/","title":{"rendered":"Centro de Formaci\u00f3n (Fort Dauphin)"},"content":{"rendered":"<p>Desafortunadamente muchos ni\u00f1os \/ jovenes est\u00e1n obligados a trabajar para ayudar a sus familias. Esto significa que no reciben ninguna educaci\u00f3n escolar, ni formaciones profesionales. Nosotros creemos que la educaci\u00f3n \/ formaci\u00f3n es imprescindible para salir de la pobreza.<\/p>\n<p><strong>As\u00ed ayudamos nosotros:<\/strong><br \/>\nDespu\u00e9s de un largo tiempo de espera, por fin hemos podido abrir las puertas a nuestro centro de formaci\u00f3n. En colaboraci\u00f3n con el Lycee Technique de Fort Dauphin estamos homologados a ofrecer formaciones de costura, carpinter\u00eda y cocina.<\/p>\n<p><a href=\"http:\/\/clinica-lavision.com\/es\/category\/local-help\/support-for-women\/\"><strong>Actualidad\u00e9s del t\u00e9ma&#8230;<\/strong><\/a><\/p>","protected":false},"excerpt":{"rendered":"<p>Desafortunadamente muchos ni\u00f1os \/ jovenes est\u00e1n obligados a trabajar para ayudar a sus familias. Esto significa que no reciben ninguna educaci\u00f3n escolar, ni formaciones profesionales. Nosotros creemos que la educaci\u00f3n \/ formaci\u00f3n es imprescindible para salir de la pobreza. As\u00ed ayudamos nosotros: Despu\u00e9s de un largo tiempo de espera, por fin hemos podido abrir las &hellip; <a href=\"http:\/\/clinica-lavision.com\/es\/projects\/support-for-women\/\" class=\"more-link\">Seguir leyendo <span class=\"screen-reader-text\">Centro de Formaci\u00f3n (Fort Dauphin)<\/span> <span class=\"meta-nav\">&rarr;<\/span><\/a><\/p>\n","protected":false},"author":3,"featured_media":3009,"parent":42,"menu_order":6,"comment_status":"closed","ping_status":"closed","template":"","meta":[],"_links":{"self":[{"href":"http:\/\/clinica-lavision.com\/es\/wp-json\/wp\/v2\/pages\/65"}],"collection":[{"href":"http:\/\/clinica-lavision.com\/es\/wp-json\/wp\/v2\/pages"}],"about":[{"href":"http:\/\/clinica-lavision.com\/es\/wp-json\/wp\/v2\/types\/page"}],"author":[{"embeddable":true,"href":"http:\/\/clinica-lavision.com\/es\/wp-json\/wp\/v2\/users\/3"}],"replies":[{"embeddable":true,"href":"http:\/\/clinica-lavision.com\/es\/wp-json\/wp\/v2\/comments?post=65"}],"version-history":[{"count":40,"href":"http:\/\/clinica-lavision.com\/es\/wp-json\/wp\/v2\/pages\/65\/revisions"}],"predecessor-version":[{"id":3609,"href":"http:\/\/clinica-lavision.com\/es\/wp-json\/wp\/v2\/pages\/65\/revisions\/3609"}],"up":[{"embeddable":true,"href":"http:\/\/clinica-lavision.com\/es\/wp-json\/wp\/v2\/pages\/42"}],"wp:featuredmedia":[{"embeddable":true,"href":"http:\/\/clinica-lavision.com\/es\/wp-json\/wp\/v2\/media\/3009"}],"wp:attachment":[{"href":"http:\/\/clinica-lavision.com\/es\/wp-json\/wp\/v2\/media?parent=65"}],"curies":[{"name":"wp","href":"https:\/\/api.w.org\/{rel}","templated":true}]}}