{"id":67,"date":"2013-09-20T14:50:06","date_gmt":"2013-09-20T12:50:06","guid":{"rendered":"http:\/\/clinica-lavision.com\/?page_id=67"},"modified":"2024-09-30T11:37:40","modified_gmt":"2024-09-30T09:37:40","slug":"ophtalmology-clinic-la-vision","status":"publish","type":"page","link":"http:\/\/clinica-lavision.com\/es\/projects\/ophtalmology-clinic-la-vision\/","title":{"rendered":"Cl\u00ednica de Oftalmolog\u00eda La Vision"},"content":{"rendered":"<p>El sur del pa\u00eds es muy pobre con escasa asistencia medica accesible para todos. Muy a menudo ir al medico es caro y conlleva un viaje largo (muchas veces a pie).<\/p>\n<p>Cuando creamos nuestra ONG no hab\u00eda ninguna cl\u00ednica de Oftalmolog\u00eda en Fort Dauphin. La gente no tenia la posibilidad de revisarse la vista\/ojos ni acceso a gafas o intervenciones necesarias. Vimos que a muchas personas con una peque\u00f1a intervenci\u00f3n o simplemente con asistencia medica b\u00e1sica se les podr\u00eda mejorar la vista y por lo tanto mejorar su calidad de vida.<\/p>\n<p><strong>As\u00ed ayudamos nosotros:<\/strong><\/p>\n<p>A ra\u00edz de esto montamos una cl\u00ednica Oftalmol\u00f3gica en Fort Dauphin. Renovamos \/ reconstruimos\u00a0 completamente los inmuebles ya existentes. As\u00ed construimos una oficina, dos salas de consulta, almac\u00e9n para gafas y medicamentos y una farmacia.<\/p>\n<p>Con la ayuda de nuestra familia y amigos, mandamos un contenedor mar\u00edtimo con aparatos de revisi\u00f3n y cirug\u00eda oftalmol\u00f3gica, muebles, medicamentos y centenares de gafas graduadas. Despu\u00e9s de la llegada del contenedor se pudieron finalizar las obras de la cl\u00ednica. La apertura oficial fue en 2013. Al principio nos acompa\u00f1o un oftalm\u00f3logo de Espa\u00f1a para echar una mano con todo y aconsejar a nuestros m\u00e9dicos locales en situ.<\/p>\n<p>Desde entonces nuestro oftalm\u00f3logo malgache trata a pacientes sin recursos, de los ojos y les proporciona gafas o cualquier cosa que necesiten. Adem\u00e1s tenemos un medico general que tambi\u00e9n ofrece sus servicios y medicamentos a pacientes sin recursos. Todo esto es gratuito y se financia a trav\u00e9s de nuestros donativos.<\/p>\n<p>&nbsp;<\/p>\n<p><a href=\"http:\/\/clinica-lavision.com\/es\/category\/local-help\/ophtalmology-clinic-la-vision\/\">Actualidades del t\u00e9ma&#8230;<\/a><\/p>","protected":false},"excerpt":{"rendered":"<p>El sur del pa\u00eds es muy pobre con escasa asistencia medica accesible para todos. Muy a menudo ir al medico es caro y conlleva un viaje largo (muchas veces a pie). Cuando creamos nuestra ONG no hab\u00eda ninguna cl\u00ednica de Oftalmolog\u00eda en Fort Dauphin. La gente no tenia la posibilidad de revisarse la vista\/ojos ni &hellip; <a href=\"http:\/\/clinica-lavision.com\/es\/projects\/ophtalmology-clinic-la-vision\/\" class=\"more-link\">Seguir leyendo <span class=\"screen-reader-text\">Cl\u00ednica de Oftalmolog\u00eda La Vision<\/span> <span class=\"meta-nav\">&rarr;<\/span><\/a><\/p>\n","protected":false},"author":3,"featured_media":280,"parent":42,"menu_order":9,"comment_status":"closed","ping_status":"closed","template":"","meta":[],"_links":{"self":[{"href":"http:\/\/clinica-lavision.com\/es\/wp-json\/wp\/v2\/pages\/67"}],"collection":[{"href":"http:\/\/clinica-lavision.com\/es\/wp-json\/wp\/v2\/pages"}],"about":[{"href":"http:\/\/clinica-lavision.com\/es\/wp-json\/wp\/v2\/types\/page"}],"author":[{"embeddable":true,"href":"http:\/\/clinica-lavision.com\/es\/wp-json\/wp\/v2\/users\/3"}],"replies":[{"embeddable":true,"href":"http:\/\/clinica-lavision.com\/es\/wp-json\/wp\/v2\/comments?post=67"}],"version-history":[{"count":34,"href":"http:\/\/clinica-lavision.com\/es\/wp-json\/wp\/v2\/pages\/67\/revisions"}],"predecessor-version":[{"id":3603,"href":"http:\/\/clinica-lavision.com\/es\/wp-json\/wp\/v2\/pages\/67\/revisions\/3603"}],"up":[{"embeddable":true,"href":"http:\/\/clinica-lavision.com\/es\/wp-json\/wp\/v2\/pages\/42"}],"wp:featuredmedia":[{"embeddable":true,"href":"http:\/\/clinica-lavision.com\/es\/wp-json\/wp\/v2\/media\/280"}],"wp:attachment":[{"href":"http:\/\/clinica-lavision.com\/es\/wp-json\/wp\/v2\/media?parent=67"}],"curies":[{"name":"wp","href":"https:\/\/api.w.org\/{rel}","templated":true}]}}