{"id":1116,"date":"2014-02-07T14:25:51","date_gmt":"2014-02-07T13:25:51","guid":{"rendered":"http:\/\/clinica-lavision.com\/?page_id=1116"},"modified":"2024-10-21T15:25:57","modified_gmt":"2024-10-21T13:25:57","slug":"family-helps-family","status":"publish","type":"page","link":"http:\/\/clinica-lavision.com\/fr\/projects\/family-helps-family\/","title":{"rendered":"Famille pour famille (Fort Dauphin)"},"content":{"rendered":"<p><a href=\"http:\/\/clinica-lavision.com\/wordpress\/wp-content\/uploads\/2014\/02\/Famille-BAOSAMBA-Meltine.jpg\" rel=\"lightbox[1116]\"><img decoding=\"async\" loading=\"lazy\" class=\"alignnone size-medium wp-image-1126\" src=\"http:\/\/clinica-lavision.com\/wordpress\/wp-content\/uploads\/2014\/02\/Famille-BAOSAMBA-Meltine-300x225.jpg\" alt=\"Famille BAOSAMBA Meltine\" width=\"300\" height=\"225\" srcset=\"http:\/\/clinica-lavision.com\/wordpress\/wp-content\/uploads\/2014\/02\/Famille-BAOSAMBA-Meltine-300x225.jpg 300w, http:\/\/clinica-lavision.com\/wordpress\/wp-content\/uploads\/2014\/02\/Famille-BAOSAMBA-Meltine-1024x768.jpg 1024w, http:\/\/clinica-lavision.com\/wordpress\/wp-content\/uploads\/2014\/02\/Famille-BAOSAMBA-Meltine.jpg 2048w\" sizes=\"(max-width: 300px) 100vw, 300px\" \/><\/a><\/p>\n<p>Beaucoups de gens \u00e0 Madagascar ont un salaire mensuel qui couvre a peine leur frais de premi\u00e8re n\u00e9cessit\u00e9es. Cette situation empire lorsque qu\u00b4un adulte tombe malade ou d\u00e9c\u00e8de et leur revenues diminues.<\/p>\n<p>Nous essayons d\u00b4aider ces familles dans cette situation, pour qu\u00b4ils puissent subvenirent \u00e0 leur besoins.<\/p>\n<p>Actuellement, nous distribuons des aides mensuel pour 20 familles, ces paquets de premieres n\u00e9c\u00e9ssit\u00e9es consistent de riz, savon, l\u00e9gumes, haricots etc\u2026 il re\u00e7oive aussi une aide financi\u00e8re de notre part pour la rentr\u00e9e scolaire ainsi que des v\u00eatements et consultations gratuites dans notre \u00a0clinique.<\/p>\n<p>Aidez nous \u00e0 aider!<\/p>\n<p><strong><a href=\"http:\/\/clinica-lavision.com\/fr\/category\/projects\/family-helps-family\/\">Actualit\u00e9s du th\u00e8me&#8230;<\/a><\/strong><\/p>","protected":false},"excerpt":{"rendered":"<p>Beaucoups de gens \u00e0 Madagascar ont un salaire mensuel qui couvre a peine leur frais de premi\u00e8re n\u00e9cessit\u00e9es. Cette situation empire lorsque qu\u00b4un adulte tombe malade ou d\u00e9c\u00e8de et leur revenues diminues. Nous essayons d\u00b4aider ces familles dans cette situation, pour qu\u00b4ils puissent subvenirent \u00e0 leur besoins. Actuellement, nous distribuons des aides mensuel pour 20 &hellip; <a href=\"http:\/\/clinica-lavision.com\/fr\/projects\/family-helps-family\/\" class=\"more-link\">Continuer la lecture de <span class=\"screen-reader-text\">Famille pour famille (Fort Dauphin)<\/span> <span class=\"meta-nav\">&rarr;<\/span><\/a><\/p>\n","protected":false},"author":3,"featured_media":0,"parent":42,"menu_order":10,"comment_status":"open","ping_status":"closed","template":"","meta":[],"_links":{"self":[{"href":"http:\/\/clinica-lavision.com\/fr\/wp-json\/wp\/v2\/pages\/1116"}],"collection":[{"href":"http:\/\/clinica-lavision.com\/fr\/wp-json\/wp\/v2\/pages"}],"about":[{"href":"http:\/\/clinica-lavision.com\/fr\/wp-json\/wp\/v2\/types\/page"}],"author":[{"embeddable":true,"href":"http:\/\/clinica-lavision.com\/fr\/wp-json\/wp\/v2\/users\/3"}],"replies":[{"embeddable":true,"href":"http:\/\/clinica-lavision.com\/fr\/wp-json\/wp\/v2\/comments?post=1116"}],"version-history":[{"count":15,"href":"http:\/\/clinica-lavision.com\/fr\/wp-json\/wp\/v2\/pages\/1116\/revisions"}],"predecessor-version":[{"id":3830,"href":"http:\/\/clinica-lavision.com\/fr\/wp-json\/wp\/v2\/pages\/1116\/revisions\/3830"}],"up":[{"embeddable":true,"href":"http:\/\/clinica-lavision.com\/fr\/wp-json\/wp\/v2\/pages\/42"}],"wp:attachment":[{"href":"http:\/\/clinica-lavision.com\/fr\/wp-json\/wp\/v2\/media?parent=1116"}],"curies":[{"name":"wp","href":"https:\/\/api.w.org\/{rel}","templated":true}]}}