{"id":174,"date":"2013-09-26T20:39:56","date_gmt":"2013-09-26T18:39:56","guid":{"rendered":"http:\/\/clinica-lavision.com\/?page_id=174"},"modified":"2024-09-27T12:23:04","modified_gmt":"2024-09-27T10:23:04","slug":"help-for-families-antananarivo","status":"publish","type":"page","link":"http:\/\/clinica-lavision.com\/fr\/projects\/help-for-families-antananarivo\/","title":{"rendered":"Aide pour les familles (Antananarivo)"},"content":{"rendered":"<p>Nous collaborons avec une parroisse locale. A aujourd\u00b4hui 45 familles de Antananarivo sont enregistr\u00e9es dans cette parroisse. Chaque mois, nous leurs distribuons des paquets de premi\u00e8re n\u00e9cessit\u00e9 comme du riz, sucre, sel, l\u00e9gumes etc\u2026<\/p>\n<p>&nbsp;<\/p>\n<p><a href=\"http:\/\/clinica-lavision.com\/wordpress\/wp-content\/uploads\/2024\/09\/tana1.jpg\" rel=\"lightbox[174]\"><img decoding=\"async\" loading=\"lazy\" class=\"alignnone size-thumbnail wp-image-3584\" src=\"http:\/\/clinica-lavision.com\/wordpress\/wp-content\/uploads\/2024\/09\/tana1-150x150.jpg\" alt=\"\" width=\"150\" height=\"150\" \/><\/a> <a href=\"http:\/\/clinica-lavision.com\/wordpress\/wp-content\/uploads\/2024\/09\/tana2.jpg\" rel=\"lightbox[174]\"><img decoding=\"async\" loading=\"lazy\" class=\"alignnone size-thumbnail wp-image-3585\" src=\"http:\/\/clinica-lavision.com\/wordpress\/wp-content\/uploads\/2024\/09\/tana2-150x150.jpg\" alt=\"\" width=\"150\" height=\"150\" \/><\/a> <a href=\"http:\/\/clinica-lavision.com\/wordpress\/wp-content\/uploads\/2024\/09\/tana3.jpg\" rel=\"lightbox[174]\"><img decoding=\"async\" loading=\"lazy\" class=\"alignnone size-thumbnail wp-image-3586\" src=\"http:\/\/clinica-lavision.com\/wordpress\/wp-content\/uploads\/2024\/09\/tana3-150x150.jpg\" alt=\"\" width=\"150\" height=\"150\" \/><\/a><\/p>\n<p><strong><a href=\"http:\/\/clinica-lavision.com\/fr\/category\/local-help\/help-for-families\/\">Actualit\u00e9s du th\u00e8me&#8230;<\/a><\/strong><\/p>","protected":false},"excerpt":{"rendered":"<p>Nous collaborons avec une parroisse locale. A aujourd\u00b4hui 45 familles de Antananarivo sont enregistr\u00e9es dans cette parroisse. Chaque mois, nous leurs distribuons des paquets de premi\u00e8re n\u00e9cessit\u00e9 comme du riz, sucre, sel, l\u00e9gumes etc\u2026 &nbsp; Actualit\u00e9s du th\u00e8me&#8230;<\/p>\n","protected":false},"author":2,"featured_media":281,"parent":42,"menu_order":1,"comment_status":"closed","ping_status":"closed","template":"","meta":[],"_links":{"self":[{"href":"http:\/\/clinica-lavision.com\/fr\/wp-json\/wp\/v2\/pages\/174"}],"collection":[{"href":"http:\/\/clinica-lavision.com\/fr\/wp-json\/wp\/v2\/pages"}],"about":[{"href":"http:\/\/clinica-lavision.com\/fr\/wp-json\/wp\/v2\/types\/page"}],"author":[{"embeddable":true,"href":"http:\/\/clinica-lavision.com\/fr\/wp-json\/wp\/v2\/users\/2"}],"replies":[{"embeddable":true,"href":"http:\/\/clinica-lavision.com\/fr\/wp-json\/wp\/v2\/comments?post=174"}],"version-history":[{"count":42,"href":"http:\/\/clinica-lavision.com\/fr\/wp-json\/wp\/v2\/pages\/174\/revisions"}],"predecessor-version":[{"id":3592,"href":"http:\/\/clinica-lavision.com\/fr\/wp-json\/wp\/v2\/pages\/174\/revisions\/3592"}],"up":[{"embeddable":true,"href":"http:\/\/clinica-lavision.com\/fr\/wp-json\/wp\/v2\/pages\/42"}],"wp:featuredmedia":[{"embeddable":true,"href":"http:\/\/clinica-lavision.com\/fr\/wp-json\/wp\/v2\/media\/281"}],"wp:attachment":[{"href":"http:\/\/clinica-lavision.com\/fr\/wp-json\/wp\/v2\/media?parent=174"}],"curies":[{"name":"wp","href":"https:\/\/api.w.org\/{rel}","templated":true}]}}