{"id":42,"date":"2013-09-20T14:29:23","date_gmt":"2013-09-20T12:29:23","guid":{"rendered":"http:\/\/clinica-lavision.com\/?page_id=42"},"modified":"2022-01-29T17:19:11","modified_gmt":"2022-01-29T16:19:11","slug":"projects","status":"publish","type":"page","link":"http:\/\/clinica-lavision.com\/fr\/projects\/","title":{"rendered":"Projets"},"content":{"rendered":"<p><\/p>\n<h3><a href=\"http:\/\/clinica-lavision.com\/fr\/projects\/help-for-families\/\">Aide pour les familles<\/a><\/h3>\n<p><a href=\"http:\/\/clinica-lavision.com\/wordpress\/wp-content\/uploads\/2013\/09\/Familienhilfe.jpg\" rel=\"lightbox[42]\"><img decoding=\"async\" loading=\"lazy\" src=\"http:\/\/clinica-lavision.com\/wordpress\/wp-content\/uploads\/2013\/09\/Familienhilfe-300x220.jpg\" alt=\"Aide pour les familles\" width=\"300\" height=\"220\" \/><\/a><\/p>\n<h3><a href=\"http:\/\/clinica-lavision.com\/fr\/projects\/hospital-babies-and-maternity-station\/\" rel=\"nofollow\">Aide hospitalisation mat\u00e9rnit\u00e9<\/a><\/h3>\n<p><a href=\"http:\/\/clinica-lavision.com\/wordpress\/wp-content\/uploads\/2013\/09\/W\u00f6chnerinnen.jpg\" rel=\"lightbox[42]\"><img decoding=\"async\" loading=\"lazy\" src=\"http:\/\/clinica-lavision.com\/wordpress\/wp-content\/uploads\/2013\/09\/W\u00f6chnerinnen-300x220.jpg\" alt=\"Aide hospitalisation mat\u00e9rnit\u00e9\" width=\"300\" height=\"220\" \/><\/a><\/p>\n<h3><a href=\"http:\/\/clinica-lavision.com\/fr\/projects\/orphaned-babies\/\">B\u00e9b\u00e9s abandonn\u00e9s<\/a><\/h3>\n<p><a href=\"http:\/\/clinica-lavision.com\/wordpress\/wp-content\/uploads\/2013\/09\/Findelkinder.jpg\" rel=\"lightbox[42]\"><img decoding=\"async\" loading=\"lazy\" src=\"http:\/\/clinica-lavision.com\/wordpress\/wp-content\/uploads\/2013\/09\/Findelkinder-300x220.jpg\" alt=\"B\u00e9b\u00e9s abandonn\u00e9s\" width=\"300\" height=\"220\" \/><\/a><\/p>\n<h3><a style=\"line-height: 1.3;\" href=\"http:\/\/clinica-lavision.com\/fr\/projects\/public-catholic-school\/\" rel=\"nofollow\">\u00c9cole Catholique Puplique<\/a><\/h3>\n<p><a href=\"http:\/\/clinica-lavision.com\/wordpress\/wp-content\/uploads\/2013\/09\/Schule.jpg\" rel=\"lightbox[42]\"><img decoding=\"async\" loading=\"lazy\" src=\"http:\/\/clinica-lavision.com\/wordpress\/wp-content\/uploads\/2013\/09\/Schule-300x220.jpg\" alt=\"\u00c9cole Catholique Puplique\" width=\"300\" height=\"220\" \/><\/a><\/p>\n<h3><a href=\"http:\/\/clinica-lavision.com\/fr\/projects\/support-for-women\/\">Support aux femmes<\/a><\/h3>\n<p><a href=\"http:\/\/clinica-lavision.com\/wordpress\/wp-content\/uploads\/2013\/09\/Frauenf\u00f6rderung.jpg\" rel=\"lightbox[42]\"><img decoding=\"async\" loading=\"lazy\" src=\"http:\/\/clinica-lavision.com\/wordpress\/wp-content\/uploads\/2013\/09\/Frauenf\u00f6rderung-300x220.jpg\" alt=\"Support aux femmes\" width=\"300\" height=\"220\" \/><\/a><\/p>\n<h3><a href=\"http:\/\/clinica-lavision.com\/fr\/projects\/help-for-third-age\/\" rel=\"nofollow\">Aide au Troisi\u00e9me \u00c2ge<\/a><\/h3>\n<p><a href=\"http:\/\/clinica-lavision.com\/wordpress\/wp-content\/uploads\/2013\/09\/Altersbetreuung.jpg\" rel=\"lightbox[42]\"><img decoding=\"async\" loading=\"lazy\" src=\"http:\/\/clinica-lavision.com\/wordpress\/wp-content\/uploads\/2013\/09\/Altersbetreuung-300x220.jpg\" alt=\"Aide au Troisi\u00e9me \u00c2ge\" width=\"300\" height=\"220\" \/><\/a><\/p>\n<h3><a href=\"http:\/\/clinica-lavision.com\/fr\/projects\/ophtalmology-clinic-la-vision\/\">Clinique d&rsquo;Ophtalmologie La Vision<\/a><\/h3>\n<p><a href=\"http:\/\/clinica-lavision.com\/wordpress\/wp-content\/uploads\/2013\/09\/Augenklinik.jpg\" rel=\"lightbox[42]\"><img decoding=\"async\" loading=\"lazy\" src=\"http:\/\/clinica-lavision.com\/wordpress\/wp-content\/uploads\/2013\/09\/Augenklinik-300x220.jpg\" alt=\"Clinique d'Ophtalmologie La Vision\" width=\"300\" height=\"220\" \/><\/a><\/p>\n<h3><a href=\"http:\/\/clinica-lavision.com\/fr\/projects\/family-helps-family\/\">Famille aide famille<\/a><\/h3>\n<p><a href=\"http:\/\/clinica-lavision.com\/wordpress\/wp-content\/uploads\/2014\/02\/Famille-BAOSAMBA-Meltine.jpg\" rel=\"lightbox[42]\"><img decoding=\"async\" loading=\"lazy\" src=\"http:\/\/clinica-lavision.com\/wordpress\/wp-content\/uploads\/2014\/02\/Famille-BAOSAMBA-Meltine-300x225.jpg\" alt=\"Famille aide famille\" width=\"300\" height=\"225\" \/><\/a><\/p>","protected":false},"excerpt":{"rendered":"<p>Aide pour les familles Aide hospitalisation mat\u00e9rnit\u00e9 B\u00e9b\u00e9s abandonn\u00e9s \u00c9cole Catholique Puplique Support aux femmes Aide au Troisi\u00e9me \u00c2ge Clinique d&rsquo;Ophtalmologie La Vision Famille aide famille<\/p>\n","protected":false},"author":3,"featured_media":0,"parent":0,"menu_order":0,"comment_status":"closed","ping_status":"closed","template":"","meta":[],"_links":{"self":[{"href":"http:\/\/clinica-lavision.com\/fr\/wp-json\/wp\/v2\/pages\/42"}],"collection":[{"href":"http:\/\/clinica-lavision.com\/fr\/wp-json\/wp\/v2\/pages"}],"about":[{"href":"http:\/\/clinica-lavision.com\/fr\/wp-json\/wp\/v2\/types\/page"}],"author":[{"embeddable":true,"href":"http:\/\/clinica-lavision.com\/fr\/wp-json\/wp\/v2\/users\/3"}],"replies":[{"embeddable":true,"href":"http:\/\/clinica-lavision.com\/fr\/wp-json\/wp\/v2\/comments?post=42"}],"version-history":[{"count":38,"href":"http:\/\/clinica-lavision.com\/fr\/wp-json\/wp\/v2\/pages\/42\/revisions"}],"predecessor-version":[{"id":2600,"href":"http:\/\/clinica-lavision.com\/fr\/wp-json\/wp\/v2\/pages\/42\/revisions\/2600"}],"wp:attachment":[{"href":"http:\/\/clinica-lavision.com\/fr\/wp-json\/wp\/v2\/media?parent=42"}],"curies":[{"name":"wp","href":"https:\/\/api.w.org\/{rel}","templated":true}]}}