{"id":49,"date":"2013-09-20T14:45:08","date_gmt":"2013-09-20T12:45:08","guid":{"rendered":"http:\/\/clinica-lavision.com\/?page_id=49"},"modified":"2024-09-30T11:12:35","modified_gmt":"2024-09-30T09:12:35","slug":"orphaned-babies","status":"publish","type":"page","link":"http:\/\/clinica-lavision.com\/fr\/projects\/orphaned-babies\/","title":{"rendered":"Victimes de viols (Antananarivo)"},"content":{"rendered":"<p>En collaboration avec une assistante sociale d\u00b4Antananarivo, nous aidons les victimes de viols et leurs familles. Nous proportionons une aide mensuel, qui aide \u00e0 payer les frais m\u00e9dicaux, et autre besoins. Les histoires de ces victimes sont d\u00e9solantes et choquantes.<\/p>\n<p>Merci a tous les donateurs qui nous permettent de financer ce projet.<\/p>\n<p><a href=\"http:\/\/clinica-lavision.com\/fr\/category\/local-help\/orphaned-babies\/\"><strong>Actualit\u00e9s du th\u00e8me&#8230;<\/strong><\/a><\/p>\n<p>&nbsp;<\/p>","protected":false},"excerpt":{"rendered":"<p>En collaboration avec une assistante sociale d\u00b4Antananarivo, nous aidons les victimes de viols et leurs familles. Nous proportionons une aide mensuel, qui aide \u00e0 payer les frais m\u00e9dicaux, et autre besoins. Les histoires de ces victimes sont d\u00e9solantes et choquantes. Merci a tous les donateurs qui nous permettent de financer ce projet. Actualit\u00e9s du th\u00e8me&#8230; &hellip; <a href=\"http:\/\/clinica-lavision.com\/fr\/projects\/orphaned-babies\/\" class=\"more-link\">Continuer la lecture de <span class=\"screen-reader-text\">Victimes de viols (Antananarivo)<\/span> <span class=\"meta-nav\">&rarr;<\/span><\/a><\/p>\n","protected":false},"author":3,"featured_media":0,"parent":42,"menu_order":3,"comment_status":"closed","ping_status":"closed","template":"","meta":[],"_links":{"self":[{"href":"http:\/\/clinica-lavision.com\/fr\/wp-json\/wp\/v2\/pages\/49"}],"collection":[{"href":"http:\/\/clinica-lavision.com\/fr\/wp-json\/wp\/v2\/pages"}],"about":[{"href":"http:\/\/clinica-lavision.com\/fr\/wp-json\/wp\/v2\/types\/page"}],"author":[{"embeddable":true,"href":"http:\/\/clinica-lavision.com\/fr\/wp-json\/wp\/v2\/users\/3"}],"replies":[{"embeddable":true,"href":"http:\/\/clinica-lavision.com\/fr\/wp-json\/wp\/v2\/comments?post=49"}],"version-history":[{"count":45,"href":"http:\/\/clinica-lavision.com\/fr\/wp-json\/wp\/v2\/pages\/49\/revisions"}],"predecessor-version":[{"id":3600,"href":"http:\/\/clinica-lavision.com\/fr\/wp-json\/wp\/v2\/pages\/49\/revisions\/3600"}],"up":[{"embeddable":true,"href":"http:\/\/clinica-lavision.com\/fr\/wp-json\/wp\/v2\/pages\/42"}],"wp:attachment":[{"href":"http:\/\/clinica-lavision.com\/fr\/wp-json\/wp\/v2\/media?parent=49"}],"curies":[{"name":"wp","href":"https:\/\/api.w.org\/{rel}","templated":true}]}}