{"id":58,"date":"2013-09-20T14:48:54","date_gmt":"2013-09-20T12:48:54","guid":{"rendered":"http:\/\/clinica-lavision.com\/?page_id=58"},"modified":"2024-10-24T12:08:18","modified_gmt":"2024-10-24T10:08:18","slug":"orphanage-akany-avotra","status":"publish","type":"page","link":"http:\/\/clinica-lavision.com\/fr\/projects\/orphanage-akany-avotra\/","title":{"rendered":"Orphelinat (Fort Dauphin)"},"content":{"rendered":"<p>L\u00b4orphelinat local existe depuis de nombreuses ann\u00e9es, et fus un de nos premier projet d\u00b4aide aux autres. Ils y \u00e0 plus ou moins 60 enfants y residents . Chacun d\u00b4entre eux a un pass\u00e9 diff\u00e9rent, une raison diff\u00e9rente pous laquelle ils terminent ici.<\/p>\n<p>Dans cet orphelinat, situ\u00e9 en p\u00e9riph\u00e9rie de Fort Dauphin, les enfants se d\u00e9couvrent une nouvelle famille entre les uns et les autres, ils vont a l\u00b4\u00e9cole et sont pries en charge jusqu\u00b4\u00e0 leur majeurit\u00e9e.<\/p>\n<p><strong>Voici comment nous aidons:<\/strong><\/p>\n<p>Nous proposons des consultations gratuites dans notre clinique pour chacun d\u00b4entre eux, distribuons des v\u00eatements et des produits sanitaires, ainsi qu\u00b4une distribution r\u00e9guli\u00e8re de repas chauds. Lors des ocasions sp\u00e9ciales, nous offrons des jouets au plus petits, et leurs moment le plus attendue de l\u00b4ann\u00e9e est la f\u00eate de no\u00ebl que nous organisons, avec d\u00e9corations de no\u00ebl, musique et plein de surprises \ud83d\ude0a<\/p>\n<p><a href=\"http:\/\/clinica-lavision.com\/fr\/category\/local-help\/orphanage\/\"><strong>Actualit\u00e9s du th\u00e8me&#8230;<\/strong><\/a><\/p>","protected":false},"excerpt":{"rendered":"<p>L\u00b4orphelinat local existe depuis de nombreuses ann\u00e9es, et fus un de nos premier projet d\u00b4aide aux autres. Ils y \u00e0 plus ou moins 60 enfants y residents . Chacun d\u00b4entre eux a un pass\u00e9 diff\u00e9rent, une raison diff\u00e9rente pous laquelle ils terminent ici. Dans cet orphelinat, situ\u00e9 en p\u00e9riph\u00e9rie de Fort Dauphin, les enfants se &hellip; <a href=\"http:\/\/clinica-lavision.com\/fr\/projects\/orphanage-akany-avotra\/\" class=\"more-link\">Continuer la lecture de <span class=\"screen-reader-text\">Orphelinat (Fort Dauphin)<\/span> <span class=\"meta-nav\">&rarr;<\/span><\/a><\/p>\n","protected":false},"author":3,"featured_media":1465,"parent":42,"menu_order":4,"comment_status":"closed","ping_status":"closed","template":"","meta":[],"_links":{"self":[{"href":"http:\/\/clinica-lavision.com\/fr\/wp-json\/wp\/v2\/pages\/58"}],"collection":[{"href":"http:\/\/clinica-lavision.com\/fr\/wp-json\/wp\/v2\/pages"}],"about":[{"href":"http:\/\/clinica-lavision.com\/fr\/wp-json\/wp\/v2\/types\/page"}],"author":[{"embeddable":true,"href":"http:\/\/clinica-lavision.com\/fr\/wp-json\/wp\/v2\/users\/3"}],"replies":[{"embeddable":true,"href":"http:\/\/clinica-lavision.com\/fr\/wp-json\/wp\/v2\/comments?post=58"}],"version-history":[{"count":34,"href":"http:\/\/clinica-lavision.com\/fr\/wp-json\/wp\/v2\/pages\/58\/revisions"}],"predecessor-version":[{"id":3836,"href":"http:\/\/clinica-lavision.com\/fr\/wp-json\/wp\/v2\/pages\/58\/revisions\/3836"}],"up":[{"embeddable":true,"href":"http:\/\/clinica-lavision.com\/fr\/wp-json\/wp\/v2\/pages\/42"}],"wp:featuredmedia":[{"embeddable":true,"href":"http:\/\/clinica-lavision.com\/fr\/wp-json\/wp\/v2\/media\/1465"}],"wp:attachment":[{"href":"http:\/\/clinica-lavision.com\/fr\/wp-json\/wp\/v2\/media?parent=58"}],"curies":[{"name":"wp","href":"https:\/\/api.w.org\/{rel}","templated":true}]}}