{"id":65,"date":"2013-09-20T14:49:38","date_gmt":"2013-09-20T12:49:38","guid":{"rendered":"http:\/\/clinica-lavision.com\/?page_id=65"},"modified":"2024-09-30T12:55:42","modified_gmt":"2024-09-30T10:55:42","slug":"support-for-women","status":"publish","type":"page","link":"http:\/\/clinica-lavision.com\/fr\/projects\/support-for-women\/","title":{"rendered":"Centre de Formation Professionelle (Fort Dauphin)"},"content":{"rendered":"<p>Malheuresement, beaucoups doivent travailler d\u00e8s leur plus jeune \u00e2ge pour aider leur famille, ce qui les emp\u00eachent d\u00b4aller a l\u00b4\u00e9cole et de suivre une \u00e9ducation ou une formation professionelle. Nous pensons que l\u00b4\u00e9ducation est primordiale pour un meilleur future.<\/p>\n<p><strong>Voici ce que nous faisons:<\/strong><\/p>\n<p>Suite a une tr\u00e8s longue proc\u00e9dure, nous avons pu enfin ouvrir notre centre de formation \u00e0 Fort Dauphin. En coop\u00e9ration avec le Lyc\u00e9e Technique, nous sommes offici\u00e8lement reconu par le gouvernement Malgache pour enseigner la Couture, la Cuisine et la Charpenterie.<\/p>\n<p><a href=\"http:\/\/clinica-lavision.com\/en\/category\/local-help\/support-for-women\/\"><strong>Recent posts regarding\u00a0 this project&#8230;<\/strong><\/a><\/p>\n<p>&nbsp;<\/p>","protected":false},"excerpt":{"rendered":"<p>Malheuresement, beaucoups doivent travailler d\u00e8s leur plus jeune \u00e2ge pour aider leur famille, ce qui les emp\u00eachent d\u00b4aller a l\u00b4\u00e9cole et de suivre une \u00e9ducation ou une formation professionelle. Nous pensons que l\u00b4\u00e9ducation est primordiale pour un meilleur future. Voici ce que nous faisons: Suite a une tr\u00e8s longue proc\u00e9dure, nous avons pu enfin ouvrir &hellip; <a href=\"http:\/\/clinica-lavision.com\/fr\/projects\/support-for-women\/\" class=\"more-link\">Continuer la lecture de <span class=\"screen-reader-text\">Centre de Formation Professionelle (Fort Dauphin)<\/span> <span class=\"meta-nav\">&rarr;<\/span><\/a><\/p>\n","protected":false},"author":3,"featured_media":3009,"parent":42,"menu_order":6,"comment_status":"closed","ping_status":"closed","template":"","meta":[],"_links":{"self":[{"href":"http:\/\/clinica-lavision.com\/fr\/wp-json\/wp\/v2\/pages\/65"}],"collection":[{"href":"http:\/\/clinica-lavision.com\/fr\/wp-json\/wp\/v2\/pages"}],"about":[{"href":"http:\/\/clinica-lavision.com\/fr\/wp-json\/wp\/v2\/types\/page"}],"author":[{"embeddable":true,"href":"http:\/\/clinica-lavision.com\/fr\/wp-json\/wp\/v2\/users\/3"}],"replies":[{"embeddable":true,"href":"http:\/\/clinica-lavision.com\/fr\/wp-json\/wp\/v2\/comments?post=65"}],"version-history":[{"count":40,"href":"http:\/\/clinica-lavision.com\/fr\/wp-json\/wp\/v2\/pages\/65\/revisions"}],"predecessor-version":[{"id":3609,"href":"http:\/\/clinica-lavision.com\/fr\/wp-json\/wp\/v2\/pages\/65\/revisions\/3609"}],"up":[{"embeddable":true,"href":"http:\/\/clinica-lavision.com\/fr\/wp-json\/wp\/v2\/pages\/42"}],"wp:featuredmedia":[{"embeddable":true,"href":"http:\/\/clinica-lavision.com\/fr\/wp-json\/wp\/v2\/media\/3009"}],"wp:attachment":[{"href":"http:\/\/clinica-lavision.com\/fr\/wp-json\/wp\/v2\/media?parent=65"}],"curies":[{"name":"wp","href":"https:\/\/api.w.org\/{rel}","templated":true}]}}