{"id":67,"date":"2013-09-20T14:50:06","date_gmt":"2013-09-20T12:50:06","guid":{"rendered":"http:\/\/clinica-lavision.com\/?page_id=67"},"modified":"2024-09-30T11:37:40","modified_gmt":"2024-09-30T09:37:40","slug":"ophtalmology-clinic-la-vision","status":"publish","type":"page","link":"http:\/\/clinica-lavision.com\/fr\/projects\/ophtalmology-clinic-la-vision\/","title":{"rendered":"Clinique d&rsquo;Ophtalmologie La Vision"},"content":{"rendered":"<p>Il existe peu de services m\u00e9dicaux dans le Sud de Madagascar accessible aux gens dans le besoins d\u00b4une consultation quelquonque. Souvent une visite chez le docteur, est trop ch\u00e8re et n\u00e9cessite un longt voyage. (la plupart du temps a pieds.)<\/p>\n<p>Lorsque nous avons cr\u00e9e notre ONG La Vision, il n\u00b4y avait pas de service d\u00b4Ophtalmologie sur Fort Dauphin. Les patients ayant besoin de control de la vue, de prescriptions de lunettes ou m\u00eame de possible op\u00e9ration n\u00b4avais pas acc\u00e8s \u00e0 ce service. Nous avons r\u00e9alis\u00e9 qu\u00b4une clinique d\u00b4Ophtalmologie faciliterais la vie quotidienne de beaucoups, parfois avec un simple traitements ou bien avec des lunettes de vue appropri\u00e9, et par la suite am\u00e9liorer leur qualit\u00e9e de vie.<\/p>\n<p><strong>Voici comment nous aidons:<\/strong><\/p>\n<p>Avec La Vision, nous avons construie une clinique d\u00b4Ophtalmologie. Les batiments \u00e9tant d\u00e9ja existant, nous les avons renov\u00e9 afin de pouvoir offrire: une clinique, deux salles de traitement, un magasin de stockage de medicaments et une pharmacie.<\/p>\n<p>Nous avons envoyer un premier containeur en printemps 2013, remplie de materiels m\u00e9dicales, meubles et m\u00e9dicaments recu comme donations de la part de membre de la famille et amis en Europe. De plus, nous avons pu envoyer \u00e0 Fort Dauphin des centaines de lunettes de vue gradu\u00e9es.<\/p>\n<p>Suite a l\u00b4arriv\u00e9 de ce containeur, les dernier pr\u00e9paratif ont \u00e9t\u00e9 mis en place et la clinique \u00e0 vu le jour fin 2013. Un ophtalmologue Espagnol nous \u00e0 acompagn\u00e9 sur place pour former les docteurs locaux, et leurs apprendre l\u00b4utilisation des machines.<\/p>\n<p>Maintenant, notre ophtalmologue sur place r\u00e9alise toute sorte de traitement. \u00c0 part cela, nous avons aussi un docteur g\u00e9n\u00e9raliste pour toute autre consultation et rec\u00e8te medical. Tout cela bien evidement gratuitement.<\/p>","protected":false},"excerpt":{"rendered":"<p>Il existe peu de services m\u00e9dicaux dans le Sud de Madagascar accessible aux gens dans le besoins d\u00b4une consultation quelquonque. Souvent une visite chez le docteur, est trop ch\u00e8re et n\u00e9cessite un longt voyage. (la plupart du temps a pieds.) Lorsque nous avons cr\u00e9e notre ONG La Vision, il n\u00b4y avait pas de service d\u00b4Ophtalmologie &hellip; <a href=\"http:\/\/clinica-lavision.com\/fr\/projects\/ophtalmology-clinic-la-vision\/\" class=\"more-link\">Continuer la lecture de <span class=\"screen-reader-text\">Clinique d&rsquo;Ophtalmologie La Vision<\/span> <span class=\"meta-nav\">&rarr;<\/span><\/a><\/p>\n","protected":false},"author":3,"featured_media":280,"parent":42,"menu_order":9,"comment_status":"closed","ping_status":"closed","template":"","meta":[],"_links":{"self":[{"href":"http:\/\/clinica-lavision.com\/fr\/wp-json\/wp\/v2\/pages\/67"}],"collection":[{"href":"http:\/\/clinica-lavision.com\/fr\/wp-json\/wp\/v2\/pages"}],"about":[{"href":"http:\/\/clinica-lavision.com\/fr\/wp-json\/wp\/v2\/types\/page"}],"author":[{"embeddable":true,"href":"http:\/\/clinica-lavision.com\/fr\/wp-json\/wp\/v2\/users\/3"}],"replies":[{"embeddable":true,"href":"http:\/\/clinica-lavision.com\/fr\/wp-json\/wp\/v2\/comments?post=67"}],"version-history":[{"count":34,"href":"http:\/\/clinica-lavision.com\/fr\/wp-json\/wp\/v2\/pages\/67\/revisions"}],"predecessor-version":[{"id":3603,"href":"http:\/\/clinica-lavision.com\/fr\/wp-json\/wp\/v2\/pages\/67\/revisions\/3603"}],"up":[{"embeddable":true,"href":"http:\/\/clinica-lavision.com\/fr\/wp-json\/wp\/v2\/pages\/42"}],"wp:featuredmedia":[{"embeddable":true,"href":"http:\/\/clinica-lavision.com\/fr\/wp-json\/wp\/v2\/media\/280"}],"wp:attachment":[{"href":"http:\/\/clinica-lavision.com\/fr\/wp-json\/wp\/v2\/media?parent=67"}],"curies":[{"name":"wp","href":"https:\/\/api.w.org\/{rel}","templated":true}]}}